{"id":5551,"date":"2016-04-21T18:43:00","date_gmt":"2016-04-21T18:43:00","guid":{"rendered":"http:\/\/www.waituk.com\/entrada\/default\/?page_id=233"},"modified":"2021-10-14T20:06:27","modified_gmt":"2021-10-14T20:06:27","slug":"contacto-2","status":"publish","type":"page","link":"https:\/\/gpsviajes.com.ar\/inicio\/contacto-2\/","title":{"rendered":"CONTACTO"},"content":{"rendered":"<p>[vc_row entrada_row_bgcolor=&#8221;bg-white&#8221;][vc_column]<header class='content-heading'>\n\t\t\t\t\t\t<h2 class='main-heading'>Ponerse en contacto<\/h2>\n\t\t\t\t\t\t<div class='main-subtitle'><p>Por tel\u00e9fono, correo electr\u00f3nico, WhatsApp, redes sociales o mediante nuestro formulario web a continuaci\u00f3n.<\/p>\n<\/div>\n\t\t\t\t\t\t<div class='seperator'><\/div>\n\t\t\t\t\t<\/header>[vc_row_inner el_class=&#8221;contact-info&#8221;][vc_column_inner width=&#8221;1\/3&#8243;]<span class=\"tel has-border bg-blue\">\n\t\t\t\t\t\t\t\t\t<span class=\"icon-tel\"><\/span>\n\t\t\t\t\t\t\t\t\t<a href=\"tel:03414210651\">0341 4210651<\/a>\n\t\t\t\t\t\t\t\t<\/span>\n\t\t\t\t\t\t\t\t<h3>Consultas<\/h3>[\/vc_column_inner][vc_column_inner width=&#8221;1\/3&#8243;]<span class=\"tel has-border bg-blue\">\n\t\t\t\t\t\t\t\t\t<span class=\"icon-tel\"><\/span>\n\t\t\t\t\t\t\t\t\t<a href=\"tel:03415300890\">0341 5300890<\/a>\n\t\t\t\t\t\t\t\t<\/span>\n\t\t\t\t\t\t\t\t<h3>Ventas<\/h3>[\/vc_column_inner][vc_column_inner width=&#8221;1\/3&#8243;]<span class=\"tel has-border bg-blue\">\n\t\t\t\t\t\t\t\t\t<span class=\"icon-tel\"><\/span>\n\t\t\t\t\t\t\t\t\t<a href=\"tel:03415300891\">0341 5300891<\/a>\n\t\t\t\t\t\t\t\t<\/span>\n\t\t\t\t\t\t\t\t<h3>Reservas<\/h3>[\/vc_column_inner][\/vc_row_inner][vc_row_inner el_class=&#8221;contact-info&#8221;][vc_column_inner width=&#8221;1\/2&#8243; css=&#8221;.vc_custom_1628706772860{background-color: #ffffff !important;}&#8221;]<div class=\"wpforms-container wpforms-container-full\" id=\"wpforms-6063\"><form id=\"wpforms-form-6063\" class=\"wpforms-validate wpforms-form\" data-formid=\"6063\" method=\"post\" enctype=\"multipart\/form-data\" action=\"\/inicio\/wp-json\/wp\/v2\/pages\/5551\" data-token=\"cc2ddd6622033f1d2a403a6ed3a39383\" data-token-time=\"1777704340\"><div class=\"wpforms-head-container\"><\/div><noscript class=\"wpforms-error-noscript\">Please enable JavaScript in your browser to complete this form.<\/noscript><div class=\"wpforms-field-container\"><div id=\"wpforms-6063-field_1-container\" class=\"wpforms-field wpforms-field-name\" data-field-id=\"1\"><label class=\"wpforms-field-label\">Nombre y Apellido <span class=\"wpforms-required-label\">*<\/span><\/label><div class=\"wpforms-field-row wpforms-field-medium\"><div class=\"wpforms-field-row-block wpforms-first wpforms-one-half\"><input type=\"text\" id=\"wpforms-6063-field_1\" class=\"wpforms-field-name-first wpforms-field-required\" name=\"wpforms[fields][1][first]\" required><label for=\"wpforms-6063-field_1\" class=\"wpforms-field-sublabel after\">First<\/label><\/div><div class=\"wpforms-field-row-block wpforms-one-half\"><input type=\"text\" id=\"wpforms-6063-field_1-last\" class=\"wpforms-field-name-last wpforms-field-required\" name=\"wpforms[fields][1][last]\" required><label for=\"wpforms-6063-field_1-last\" class=\"wpforms-field-sublabel after\">Last<\/label><\/div><\/div><\/div><div id=\"wpforms-6063-field_4-container\" class=\"wpforms-field wpforms-field-email\" data-field-id=\"4\"><label class=\"wpforms-field-label\" for=\"wpforms-6063-field_4\">Correo electr\u00f3nico <span class=\"wpforms-required-label\">*<\/span><\/label><input type=\"email\" id=\"wpforms-6063-field_4\" class=\"wpforms-field-medium wpforms-field-required\" name=\"wpforms[fields][4]\" spellcheck=\"false\" required><\/div><div id=\"wpforms-6063-field_2-container\" class=\"wpforms-field wpforms-field-number\" data-field-id=\"2\"><label class=\"wpforms-field-label\" for=\"wpforms-6063-field_2\">Tel\u00e9fono Fijo<\/label><input type=\"number\" id=\"wpforms-6063-field_2\" class=\"wpforms-field-medium\" name=\"wpforms[fields][2]\" step=\"any\" ><\/div><div id=\"wpforms-6063-field_3-container\" class=\"wpforms-field wpforms-field-number\" data-field-id=\"3\"><label class=\"wpforms-field-label\" for=\"wpforms-6063-field_3\">T\u00e9lefono M\u00f3vil<\/label><input type=\"number\" id=\"wpforms-6063-field_3\" class=\"wpforms-field-medium\" name=\"wpforms[fields][3]\" step=\"any\" ><\/div><div id=\"wpforms-6063-field_5-container\" class=\"wpforms-field wpforms-field-textarea\" data-field-id=\"5\"><label class=\"wpforms-field-label\" for=\"wpforms-6063-field_5\">Asunto<\/label><textarea id=\"wpforms-6063-field_5\" class=\"wpforms-field-medium\" name=\"wpforms[fields][5]\" ><\/textarea><\/div><\/div><!-- .wpforms-field-container --><div class=\"wpforms-submit-container\" ><input type=\"hidden\" name=\"wpforms[id]\" value=\"6063\"><input type=\"hidden\" name=\"page_title\" value=\"\"><input type=\"hidden\" name=\"page_url\" value=\"https:\/\/gpsviajes.com.ar\/inicio\/wp-json\/wp\/v2\/pages\/5551\"><input type=\"hidden\" name=\"url_referer\" value=\"\"><button type=\"submit\" name=\"wpforms[submit]\" id=\"wpforms-submit-6063\" class=\"wpforms-submit\" data-alt-text=\"Enviando...\" data-submit-text=\"Enviar\" aria-live=\"assertive\" value=\"wpforms-submit\">Enviar<\/button><\/div><\/form><\/div>  <!-- .wpforms-container -->[\/vc_column_inner][vc_column_inner width=&#8221;1\/2&#8243;]<div class=\"map-col-main map-holder height\"><iframe loading=\"lazy\" width=\"600\" height=\"710\" src=\"https:\/\/maps.google.com\/maps?hl=en&q=San Mart\u00edn 843, Rosario S2000CJK, Santa Fe, Argentina&ie=UTF8&t=&z=14&iwloc=B&output=embed&center=true\"><\/iframe><\/div>[\/vc_column_inner][\/vc_row_inner][\/vc_column][\/vc_row]<\/p>\n","protected":false},"excerpt":{"rendered":"<p>[vc_row entrada_row_bgcolor=&#8221;bg-white&#8221;][vc_column][vc_row_inner el_class=&#8221;contact-info&#8221;][vc_column_inner width=&#8221;1\/3&#8243;][\/vc_column_inner][vc_column_inner width=&#8221;1\/3&#8243;][\/vc_column_inner][vc_column_inner width=&#8221;1\/3&#8243;][\/vc_column_inner][\/vc_row_inner][vc_row_inner el_class=&#8221;contact-info&#8221;][vc_column_inner width=&#8221;1\/2&#8243; css=&#8221;.vc_custom_1628706772860{background-color: #ffffff !important;}&#8221;][\/vc_column_inner][vc_column_inner width=&#8221;1\/2&#8243;][\/vc_column_inner][\/vc_row_inner][\/vc_column][\/vc_row]<\/p>\n","protected":false},"author":2,"featured_media":0,"parent":0,"menu_order":0,"comment_status":"closed","ping_status":"closed","template":"entrada_templates\/contact.php","meta":{"_monsterinsights_skip_tracking":false,"_monsterinsights_sitenote_active":false,"_monsterinsights_sitenote_note":"","_monsterinsights_sitenote_category":0,"footnotes":""},"class_list":["post-5551","page","type-page","status-publish","hentry"],"aioseo_notices":[],"_links":{"self":[{"href":"https:\/\/gpsviajes.com.ar\/inicio\/wp-json\/wp\/v2\/pages\/5551","targetHints":{"allow":["GET"]}}],"collection":[{"href":"https:\/\/gpsviajes.com.ar\/inicio\/wp-json\/wp\/v2\/pages"}],"about":[{"href":"https:\/\/gpsviajes.com.ar\/inicio\/wp-json\/wp\/v2\/types\/page"}],"author":[{"embeddable":true,"href":"https:\/\/gpsviajes.com.ar\/inicio\/wp-json\/wp\/v2\/users\/2"}],"replies":[{"embeddable":true,"href":"https:\/\/gpsviajes.com.ar\/inicio\/wp-json\/wp\/v2\/comments?post=5551"}],"version-history":[{"count":5,"href":"https:\/\/gpsviajes.com.ar\/inicio\/wp-json\/wp\/v2\/pages\/5551\/revisions"}],"predecessor-version":[{"id":6987,"href":"https:\/\/gpsviajes.com.ar\/inicio\/wp-json\/wp\/v2\/pages\/5551\/revisions\/6987"}],"wp:attachment":[{"href":"https:\/\/gpsviajes.com.ar\/inicio\/wp-json\/wp\/v2\/media?parent=5551"}],"curies":[{"name":"wp","href":"https:\/\/api.w.org\/{rel}","templated":true}]}}