{"id":5553,"date":"2016-05-19T05:17:51","date_gmt":"2016-05-19T05:17:51","guid":{"rendered":"http:\/\/www.waituk.com\/entrada\/default\/?page_id=749"},"modified":"2022-01-23T15:05:24","modified_gmt":"2022-01-23T15:05:24","slug":"quienes-somos-2","status":"publish","type":"page","link":"https:\/\/gpsviajes.com.ar\/inicio\/quienes-somos-2\/","title":{"rendered":"QUIENES SOMOS"},"content":{"rendered":"<p>[vc_row entrada_row_bgcolor=&#8221;bg-white&#8221;][vc_column]<header class='content-heading'>\n\t\t\t\t\t\t<h2 class='main-heading'>Compa\u00f1\u00eda de viajes<\/h2>\n\t\t\t\t\t\t<div class='main-subtitle'><p>\u00a1Dominando el arte de la aventura perfecta durante casi 20 a\u00f1os en la naturaleza!<\/p>\n<\/div>\n\t\t\t\t\t\t<div class='seperator'><\/div>\n\t\t\t\t\t<\/header>[vc_row_inner][vc_column_inner width=&#8221;1\/3&#8243;]<article class=\"article text-center article-top-space\"><div class=\"img-wrap1\">\n\t\t\t\t\t<img decoding=\"async\"  src=\"https:\/\/gpsviajes.com.ar\/inicio\/wp-content\/uploads\/2021\/08\/ico09-1-1-1.png\" alt=\"image description\">\n\t\t\t\t <\/div><div class=\"description\">\n\t\t\t\t\t\t\t<h3>Viajes y Turismo<\/h3>\n\t\t\t\t\t\t\t<p>En este nuevo ciclo, traemos una nueva oferta a nuestros amigos y clientes, con un amplio abanico de posibilidades en cuanto a ocio, esparcimiento y descubrimiento. Espero sean de su agrado.<\/p>\n\t\t\t\t\t\t<\/div><\/article>[\/vc_column_inner][vc_column_inner width=&#8221;1\/3&#8243;]<article class=\"article text-center article-top-space\"><div class=\"img-wrap1\">\n\t\t\t\t\t<img decoding=\"async\"  src=\"https:\/\/gpsviajes.com.ar\/inicio\/wp-content\/uploads\/2021\/08\/ico08-1-1-1.png\" alt=\"image description\">\n\t\t\t\t <\/div><div class=\"description\">\n\t\t\t\t\t\t\t<h3>Viajes Sostenibles<\/h3>\n\t\t\t\t\t\t\t<p>Nuestra obsesi\u00f3n por la calidad, la seguridad y el buen gusto nos han convertido en expertos consultores en viajes y colabora directamente con la construcci\u00f3n de nuestro prestigio. Amamos profundamente los viajes y estamos convencidos de que son un maravilloso privilegio del hombre contempor\u00e1neo.<\/p>\n\t\t\t\t\t\t<\/div><\/article>[\/vc_column_inner][vc_column_inner width=&#8221;1\/3&#8243;]<article class=\"article text-center article-top-space\"><div class=\"img-wrap1\">\n\t\t\t\t\t<img decoding=\"async\"  src=\"https:\/\/gpsviajes.com.ar\/inicio\/wp-content\/uploads\/2021\/08\/ico07-1-1-1.png\" alt=\"image description\">\n\t\t\t\t <\/div><div class=\"description\">\n\t\t\t\t\t\t\t<h3>Misi\u00f3n y Valores<\/h3>\n\t\t\t\t\t\t\t<p>La experiencia de viajar, nos ha permitido tambi\u00e9n, estructurar una empresa vers\u00e1til, imaginativa, eficaz, capaz de crear y desarrollar de forma aut\u00f3noma cualquier programa como tambi\u00e9n adaptarse a las propuestas y condiciones de los clientes.<\/p>\n\t\t\t\t\t\t<\/div><\/article>[\/vc_column_inner][\/vc_row_inner][\/vc_column][\/vc_row][vc_row][vc_column]<header class='content-heading'>\n\t\t\t\t\t\t<h2 class='main-heading'>Nosotros<\/h2>\n\t\t\t\t\t\t<div class='main-subtitle'><p>\u00a1Una obra de arte es ante todo una aventura mental!<\/p>\n<\/div>\n\t\t\t\t\t\t<div class='seperator'><\/div>\n\t\t\t\t\t<\/header>[vc_row_inner][vc_column_inner width=&#8221;1\/2&#8243;]<div class=\"description-text\"><p>GPS Viajes naci\u00f3 en el a\u00f1o 2003 con el prop\u00f3sito fundamental de ofrecer a sus clientes un servicio diferente y personalizado. Su salida al mercado se ejecut\u00f3 con una vocaci\u00f3n espec\u00edfica: producir y comercializar viajes diferentes, exclusivos y de gran calidad. La empresa est\u00e1 erigida sobre dos pilares fundamentales: los viajes para particulares y los viajes de empresa.<\/p><\/div>[\/vc_column_inner][vc_column_inner width=&#8221;1\/2&#8243;]<div class=\"description-text\"><p>Desde esa intenci\u00f3n tan firme en su nacimiento al d\u00eda de hoy, hemos seleccionado los mejores itinerarios y rutas en los seis continentes, contenidos originales y los alojamientos m\u00e1s adecuados, entendiendo todo ello como un compromiso permanente con la excelencia.<br \/>\nLa experiencia profesional combinada en diferentes \u00e1reas y destinos, en conjunto con nuestro personal altamente capacitado, nos permite lograr una atenci\u00f3n integral, puntual y satisfactoria a cualquier situaci\u00f3n.<\/p><\/div>[\/vc_column_inner][\/vc_row_inner][\/vc_column][\/vc_row][vc_row parallax=&#8221;content-moving&#8221; parallax_image=&#8221;5679&#8243; parallax_speed_bg=&#8221;5&#8243; wrapper_container=&#8221;step-block&#8221; el_class=&#8221;parallax&#8221;][vc_column]<blockquote class=\"normal\">\n\t\t\t\t\t\t<q>Viajar es solo el comienzo!<\/q>\n\t\t\t\t\t\t<\/blockquote>[\/vc_column][\/vc_row][vc_row wrapper_container=&#8221;partner-block&#8221;][vc_column]<header class='content-heading'>\n\t\t\t\t\t\t<h2 class='main-heading'>NOS ACOMPA\u00d1AN<\/h2>\n\t\t\t\t\t\t<div class='main-subtitle'><p>\u00a1Personas que siempre apoyan y avalan nuestro buen hacer!<\/p>\n<\/div>\n\t\t\t\t\t\t<div class='seperator'><\/div>\n\t\t\t\t\t<\/header><div class=\"partner-list\" id=\"partner-slide\"><div class=\"partner\">\n\t\t\t\t\t\t\t\t\t<a href=\"#\" target=\"_blank\">\n\t\t\t\t\t\t\t\t\t<img decoding=\"async\" src=\"https:\/\/gpsviajes.com.ar\/inicio\/wp-content\/uploads\/2021\/11\/msc-1.png\" alt=\"msc\"><\/a>\n\t\t\t\t\t\t\t\t<\/div><div class=\"partner\">\n\t\t\t\t\t\t\t\t\t<a href=\"#\" target=\"_blank\">\n\t\t\t\t\t\t\t\t\t<img decoding=\"async\" src=\"https:\/\/gpsviajes.com.ar\/inicio\/wp-content\/uploads\/2016\/05\/assicard.png\" alt=\"Partner 5 -assist\"><img decoding=\"async\"  class=\"hover\" src=\"https:\/\/gpsviajes.com.ar\/inicio\/wp-content\/uploads\/2016\/05\/assicard.png\" alt=\"Partner 5 -assist\" ><\/a>\n\t\t\t\t\t\t\t\t<\/div><div class=\"partner\">\n\t\t\t\t\t\t\t\t\t<a href=\"#\" target=\"_blank\">\n\t\t\t\t\t\t\t\t\t<img decoding=\"async\" src=\"https:\/\/gpsviajes.com.ar\/inicio\/wp-content\/uploads\/2021\/11\/aerolineas.png\" alt=\"aerolineas\"><\/a>\n\t\t\t\t\t\t\t\t<\/div><div class=\"partner\">\n\t\t\t\t\t\t\t\t\t<a href=\"#\" target=\"_blank\">\n\t\t\t\t\t\t\t\t\t<img decoding=\"async\" src=\"https:\/\/gpsviajes.com.ar\/inicio\/wp-content\/uploads\/2016\/05\/universal-2.png\" alt=\"Partner 2 -universal\"><img decoding=\"async\"  class=\"hover\" src=\"https:\/\/gpsviajes.com.ar\/inicio\/wp-content\/uploads\/2016\/05\/universal-2.png\" alt=\"Partner 2 -universal\" ><\/a>\n\t\t\t\t\t\t\t\t<\/div><div class=\"partner\">\n\t\t\t\t\t\t\t\t\t<a href=\"#\" target=\"_blank\">\n\t\t\t\t\t\t\t\t\t<img decoding=\"async\" src=\"https:\/\/gpsviajes.com.ar\/inicio\/wp-content\/uploads\/2021\/11\/gol.png\" alt=\"Gol\"><\/a>\n\t\t\t\t\t\t\t\t<\/div><\/div>[\/vc_column][\/vc_row]<\/p>\n","protected":false},"excerpt":{"rendered":"<p>[vc_row entrada_row_bgcolor=&#8221;bg-white&#8221;][vc_column][vc_row_inner][vc_column_inner width=&#8221;1\/3&#8243;][\/vc_column_inner][vc_column_inner width=&#8221;1\/3&#8243;][\/vc_column_inner][vc_column_inner width=&#8221;1\/3&#8243;][\/vc_column_inner][\/vc_row_inner][\/vc_column][\/vc_row][vc_row][vc_column][vc_row_inner][vc_column_inner width=&#8221;1\/2&#8243;][\/vc_column_inner][vc_column_inner width=&#8221;1\/2&#8243;][\/vc_column_inner][\/vc_row_inner][\/vc_column][\/vc_row][vc_row parallax=&#8221;content-moving&#8221; parallax_image=&#8221;5679&#8243; parallax_speed_bg=&#8221;5&#8243; wrapper_container=&#8221;step-block&#8221; el_class=&#8221;parallax&#8221;][vc_column][\/vc_column][\/vc_row][vc_row wrapper_container=&#8221;partner-block&#8221;][vc_column][\/vc_column][\/vc_row]<\/p>\n","protected":false},"author":2,"featured_media":0,"parent":0,"menu_order":0,"comment_status":"closed","ping_status":"closed","template":"entrada_templates\/layout-visual-composer-default.php","meta":{"_monsterinsights_skip_tracking":false,"_monsterinsights_sitenote_active":false,"_monsterinsights_sitenote_note":"","_monsterinsights_sitenote_category":0,"footnotes":""},"class_list":["post-5553","page","type-page","status-publish","hentry"],"aioseo_notices":[],"_links":{"self":[{"href":"https:\/\/gpsviajes.com.ar\/inicio\/wp-json\/wp\/v2\/pages\/5553","targetHints":{"allow":["GET"]}}],"collection":[{"href":"https:\/\/gpsviajes.com.ar\/inicio\/wp-json\/wp\/v2\/pages"}],"about":[{"href":"https:\/\/gpsviajes.com.ar\/inicio\/wp-json\/wp\/v2\/types\/page"}],"author":[{"embeddable":true,"href":"https:\/\/gpsviajes.com.ar\/inicio\/wp-json\/wp\/v2\/users\/2"}],"replies":[{"embeddable":true,"href":"https:\/\/gpsviajes.com.ar\/inicio\/wp-json\/wp\/v2\/comments?post=5553"}],"version-history":[{"count":5,"href":"https:\/\/gpsviajes.com.ar\/inicio\/wp-json\/wp\/v2\/pages\/5553\/revisions"}],"predecessor-version":[{"id":7868,"href":"https:\/\/gpsviajes.com.ar\/inicio\/wp-json\/wp\/v2\/pages\/5553\/revisions\/7868"}],"wp:attachment":[{"href":"https:\/\/gpsviajes.com.ar\/inicio\/wp-json\/wp\/v2\/media?parent=5553"}],"curies":[{"name":"wp","href":"https:\/\/api.w.org\/{rel}","templated":true}]}}