{"id":5557,"date":"2021-07-14T19:07:19","date_gmt":"2021-07-14T19:07:19","guid":{"rendered":"http:\/\/ippublicidad.com.ar\/gpsviajes\/?page_id=2848"},"modified":"2021-09-21T14:10:44","modified_gmt":"2021-09-21T14:10:44","slug":"preguntas-frecuentes","status":"publish","type":"page","link":"https:\/\/gpsviajes.com.ar\/inicio\/preguntas-frecuentes\/","title":{"rendered":"PREGUNTAS FRECUENTES"},"content":{"rendered":"<p>[vc_row css=&#8221;.vc_custom_1630537584791{margin-top: 0px !important;border-top-width: 0px !important;padding-top: 0px !important;background-color: #ffffff !important;}&#8221;][vc_column width=&#8221;2\/3&#8243; css=&#8221;.vc_custom_1630611954499{margin-top: 0px !important;margin-right: 20px !important;border-top-width: 0px !important;padding-top: 0px !important;padding-right: 30px !important;background-color: #ffffff !important;}&#8221;]<div class=\"adventure-holder gallery-home-holder text-block\"><div class=\"centered\"><p class=\"intro\">Siempre contar\u00e1 con un consultor de GPS Viajes para asistirlo. \u00c9l se contactar\u00e1 con usted para responder a sus consultas. Por favor, verifique que ha completado correctamente sus datos de contacto (direcci\u00f3n de correo electr\u00f3nico, n\u00famero de tel\u00e9fono, etc.) cuando haga sus reservas o complete el formulario de consulta. Si usted necesita ayuda con una reserva existente por favor cont\u00e1ctenos, v\u00eda correo electr\u00f3nico, por v\u00eda telef\u00f3nica o v\u00eda fax. Incluya por favor su N\u00famero de Reserva con cualquier correspondencia.<\/p><\/div><\/div>[vc_tta_accordion style=&#8221;flat&#8221; shape=&#8221;square&#8221; color=&#8221;green&#8221; spacing=&#8221;5&#8243; c_icon=&#8221;triangle&#8221; active_section=&#8221;1&#8243; css_animation=&#8221;bounceInLeft&#8221; collapsible_all=&#8221;true&#8221; title=&#8221;A. Haciendo una Reserva&#8221; css=&#8221;.vc_custom_1628700545995{background-color: #ffffff !important;}&#8221;][vc_tta_section i_icon_fontawesome=&#8221;fas fa-arrow-alt-circle-right&#8221; add_icon=&#8221;true&#8221; title=&#8221;\u00bfC\u00f3mo reservo mi habitaci\u00f3n, un servicio, o paquete de viaje?&#8221; tab_id=&#8221;1626289826748-57d66417-f396&#8243;]<div class=\"adventure-holder gallery-home-holder text-block\"><div class=\"centered\"><p class=\"intro\">HABITACIONES<br \/>\nHABITACIONES En la solapa \u201cHOTELES\u201d seleccione la ciudad deseada.<\/p>\n<p>Ingrese en el formulario la fecha de ingreso y salida al Hotel, la categor\u00eda seleccionada, la cantidad de habitaciones requeridas y la cantidad de personas por habitaci\u00f3n.<\/p>\n<p>Tambi\u00e9n ser\u00e1n campos obligatorios a completar su nombre y apellido y su e-mail para que un ejecutivo de ventas se contacte con Ud.<\/p>\n<p>Un vez completado el formulario haga clic en enviar y su consulta ser\u00e1 procesada a la brevedad.<\/p><\/div><\/div>[\/vc_tta_section][vc_tta_section i_icon_fontawesome=&#8221;fas fa-arrow-alt-circle-right&#8221; add_icon=&#8221;true&#8221; title=&#8221;\u00bfLos impuestos se incluyen en las tarifas?&#8221; tab_id=&#8221;1626289826753-8e3dc6b4-ddc6&#8243;]<div class=\"adventure-holder gallery-home-holder text-block\"><div class=\"centered\"><p class=\"intro\">Los impuestos y las tasas est\u00e1n incluidos en todas nuestras tarifas. Si cualquier otro impuesto o tasa va a ser colectado por el hotel, o por la l\u00ednea a\u00e9rea, se especificar\u00e1 junto a la tarifa.<\/p><\/div><\/div>[\/vc_tta_section][vc_tta_section i_icon_fontawesome=&#8221;fas fa-arrow-alt-circle-right&#8221; add_icon=&#8221;true&#8221; title=&#8221;\u00bfPuedo especificar donde querr\u00eda que mi habitaci\u00f3n est\u00e9 localizada (planta preferida, cercano a la piscina, etc.)?&#8221; tab_id=&#8221;1626290061766-1cee06d1-eb4d&#8221;]<div class=\"adventure-holder gallery-home-holder text-block\"><div class=\"centered\"><p class=\"intro\">Los pedidos especiales se aceptan en el campo \u201cComentarios\u201d y ser\u00e1n remitidos al hotel.<br \/>\nEl personal del hotel har\u00e1 lo posible para acomodar los pedidos especiales. Nosotros no podemos garantizar que sus pedidos se otorgar\u00e1n porque est\u00e1n sujetos a disponibilidad.<\/p><\/div><\/div>[\/vc_tta_section][vc_tta_section i_icon_fontawesome=&#8221;fas fa-arrow-alt-circle-right&#8221; add_icon=&#8221;true&#8221; title=&#8221;\u00bfLas tarifas de las habitaciones son por persona o por la noche? \u00bfY las tarifas de los paquetes de viaje?&#8221; tab_id=&#8221;1626290092487-a782ff0e-b0c8&#8243;]<div class=\"adventure-holder gallery-home-holder text-block\"><div class=\"centered\"><p class=\"intro\">Las tarifas de las habitaciones son por persona, salvo se indique lo contrario. Las tarifas de los Paquetes de Viaje son por persona, salvo que se indique lo contrario. ALGUNAS TARIFAS DE DESCUENTO \/ PROMOCIONALES PUEDEN REQUERIR UNA IDENTIFICACI\u00d3N ESPECIAL.<\/p><\/div><\/div>[\/vc_tta_section][vc_tta_section title=&#8221;\u00bfHay una lista de espera para los hoteles que ya no tienen lugar?&#8221; tab_id=&#8221;1626292915868-44dce92f-6bf0&#8243;][\/vc_tta_section][\/vc_tta_accordion][vc_tta_accordion style=&#8221;flat&#8221; shape=&#8221;square&#8221; color=&#8221;sky&#8221; spacing=&#8221;5&#8243; c_align=&#8221;center&#8221; c_icon=&#8221;chevron&#8221; active_section=&#8221;1&#8243; css_animation=&#8221;bounceInRight&#8221; title=&#8221;B. Confirmando una Reserva&#8221; css=&#8221;.vc_custom_1628701326302{padding-bottom: 50px !important;background-color: #ffffff !important;}&#8221;][vc_tta_section i_icon_fontawesome=&#8221;fas fa-arrow-alt-circle-right&#8221; add_icon=&#8221;true&#8221; title=&#8221;\u00bfQu\u00e9 sucede cuando hago una reserva?&#8221; tab_id=&#8221;1626292185507-740e2e75-995e&#8221;]<div class=\"adventure-holder gallery-home-holder text-block\"><div class=\"centered\"><p class=\"intro\">Una vez comunicado al Ejecutivo de Ventas su deseo de concretar la reserva, el mismo proceder\u00e1 con la misma y le enviar\u00e1 una confirmaci\u00f3n integral o parcial de servicios seg\u00fan sea el caso. Una vez recibida su confirmaci\u00f3n se le indicar\u00e1 una fecha l\u00edmite para hacer un pago parcial a t\u00edtulo de se\u00f1a y otro plazo m\u00e1ximo para hacer el pago total, de no cumplirse con estas fechas la reserva no se mantendr\u00e1 en el tiempo.<\/p><\/div><\/div>[\/vc_tta_section][vc_tta_section i_icon_fontawesome=&#8221;fas fa-arrow-alt-circle-right&#8221; add_icon=&#8221;true&#8221; title=&#8221;2. \u00bfCu\u00e1nto tiempo le tomar\u00e1 a GPS Viajes para responder a mi pedido de reserva?&#8221; tab_id=&#8221;1626292185518-4455c45c-2f2b&#8221;]<div class=\"adventure-holder gallery-home-holder text-block\"><div class=\"centered\"><p class=\"intro\">Una vez recibida su consulta un ejecutivo comenzar\u00e1 de manera inmediata a buscar opciones que satisfagan su solicitud las cuales ser\u00e1n comunicadas a la brevedad.<\/p><\/div><\/div>[\/vc_tta_section][vc_tta_section i_icon_fontawesome=&#8221;fas fa-arrow-alt-circle-right&#8221; add_icon=&#8221;true&#8221; title=&#8221;\u00bfC\u00f3mo verifico mi pedido de alojamiento?&#8221; tab_id=&#8221;1626292185530-7ad5fe49-58d4&#8243;]<div class=\"adventure-holder gallery-home-holder text-block\"><div class=\"centered\"><p class=\"intro\">Siempre si\u00e9ntase libre de contactarnos con cualquier duda respecto a sus reservas. Para un servicio m\u00e1s r\u00e1pido, incluya por favor una copia de su confirmaci\u00f3n o solicitud y la fecha en que la realiz\u00f3.<\/p><\/div><\/div>[\/vc_tta_section][vc_tta_section i_icon_fontawesome=&#8221;fas fa-arrow-alt-circle-right&#8221; add_icon=&#8221;true&#8221; title=&#8221;\u00bfUna vez hecha mi reserva, recibir\u00e9 alguna confirmaci\u00f3n escrita del hotel?&#8221; tab_id=&#8221;1626292185542-fbc7ebd1-a797&#8243;]<div class=\"adventure-holder gallery-home-holder text-block\"><div class=\"centered\"><p class=\"intro\">No. La confirmaci\u00f3n enviada por correo electr\u00f3nico que usted recibe de GPS Viajes es todo lo que necesitar\u00e1. Cu\u00e1ndo el pago completo es recibido, le enviaremos sus vouchers por correo electr\u00f3nico para que usted los pueda imprimir desde cualquier computadora. Esta documentaci\u00f3n ser\u00e1 suficiente para tomar todos los servicios contratados. Tambi\u00e9n puede enviarse por correo regular (pueden aplicarse tarifas adicionales).<\/p><\/div><\/div>[\/vc_tta_section][\/vc_tta_accordion][vc_tta_accordion style=&#8221;flat&#8221; shape=&#8221;square&#8221; color=&#8221;blue&#8221; spacing=&#8221;5&#8243; c_align=&#8221;center&#8221; autoplay=&#8221;10&#8243; c_icon=&#8221;chevron&#8221; active_section=&#8221;1&#8243; css_animation=&#8221;bounceInRight&#8221; collapsible_all=&#8221;true&#8221; title=&#8221;D.Alquiler de Autom\u00f3viles&#8221; css=&#8221;.vc_custom_1626313838492{padding-bottom: 50px !important;background-color: #ffffff !important;}&#8221;][vc_tta_section i_icon_fontawesome=&#8221;fas fa-arrow-alt-circle-right&#8221; add_icon=&#8221;true&#8221; title=&#8221;\u00bfCu\u00e1les son los requisitos para alquilar un autom\u00f3vil?&#8221; tab_id=&#8221;1626306721244-8473d423-4825&#8243;]<div class=\"adventure-holder gallery-home-holder text-block\"><div class=\"centered\"><p class=\"intro\">AUTOS<br \/>\nEn el margen superior derecho seleccione la solapa \u201cAutos\u201d y luego Seleccione el destino deseado Usted ser\u00e1 llevado a un formulario. Ingrese en el formulario la fecha en que quisiera tomar y dejar el auto, la categor\u00eda y tipo de modelos seleccionada y la ciudad o ciudades en que toma y deja el veh\u00edculo. Tambi\u00e9n ser\u00e1n campos obligatorios a completar su nombre y apellido y su e-mail para que un ejecutivo de ventas se contacte con Ud. Un vez completado el formulario haga clic en enviar y su consulta ser\u00e1 procesada a la brevedad.<\/p><\/div><\/div><div class=\"adventure-holder gallery-home-holder text-block\"><div class=\"centered\"><p class=\"intro\">Para alquilar un autom\u00f3vil, usted necesita:<\/p>\n<p>\u00b7 Ser mayor de 21 a\u00f1os (puede variar de acuerdo al pa\u00eds).<\/p>\n<p>\u00b7 Poseer licencia de conducir con dos a\u00f1os de antig\u00fcedad.<\/p>\n<p>\u00b7 Contar con una tarjeta de cr\u00e9dito al d\u00eda.<\/p><\/div><\/div>[\/vc_tta_section][vc_tta_section i_icon_fontawesome=&#8221;fas fa-arrow-alt-circle-right&#8221; add_icon=&#8221;true&#8221; title=&#8221;\u00bfQu\u00e9 tipo de asistencia al viajero ofrecen?&#8221; tab_id=&#8221;1626306721262-235fdbea-b6f7&#8243;]<div class=\"adventure-holder gallery-home-holder text-block\"><div class=\"centered\"><p class=\"intro\">Nuestros clientes cuenta con un equipo preparado para solucionar dudas e imprevistos, durante y despu\u00e9s del alquiler.<\/p><\/div><\/div>[\/vc_tta_section][vc_tta_section i_icon_fontawesome=&#8221;fas fa-arrow-alt-circle-right&#8221; add_icon=&#8221;true&#8221; title=&#8221;\u00bfQu\u00e9 tipos de seguro se ofrecen?&#8221; tab_id=&#8221;1626307121677-2b680cda-ac71&#8243;]<div class=\"adventure-holder gallery-home-holder text-block\"><div class=\"centered\"><p class=\"intro\">Protecci\u00f3n contra todo riesgo con Franquicia (CDW) y otros que sean obligatorios de acuerdo a la normativa vigente en cada territorio o pa\u00eds o que el pasajero quiera adicionar para su seguridad.<\/p><\/div><\/div>[\/vc_tta_section][vc_tta_section i_icon_fontawesome=&#8221;fas fa-arrow-alt-circle-right&#8221; add_icon=&#8221;true&#8221; title=&#8221;\u00bfDebo entregar el autom\u00f3vil con el tanque lleno de combustible?&#8221; tab_id=&#8221;1626307223718-76d2ea6a-74cf&#8221;]<div class=\"adventure-holder gallery-home-holder text-block\"><div class=\"centered\"><p class=\"intro\">Para su comodidad, le entregamos el autom\u00f3vil con el dep\u00f3sito de combustible completo y usted puede devolverlo de la misma manera. En el caso de que sea necesario el reabastecimiento por parte nuestra, la cobranza del combustible ser\u00e1 realizada de acuerdo a una tabla vigente, con base en la lectura del marcador de combustible (en octavos). Por tratarse de una lectura de valores aproximados, la cobranza del combustible podr\u00e1 sufrir variaciones de hasta un 30% en relaci\u00f3n a los valores cobrados por una estaci\u00f3n de servicio.<\/p><\/div><\/div>[\/vc_tta_section][vc_tta_section add_icon=&#8221;true&#8221; title=&#8221;\u00bfCu\u00e1les son las pol\u00edticas de devoluci\u00f3n de los autom\u00f3viles?&#8221; tab_id=&#8221;1626307327974-158f02ae-b8e1&#8243;]<div class=\"adventure-holder gallery-home-holder text-block\"><div class=\"centered\"><p class=\"intro\">En la misma ciudad: Cuando alquile un autom\u00f3vil, usted podr\u00e1 devolverlo en cualquier otra agencia de la misma ciudad en la que fue retirado, sin necesidad de consulta previa. Para los autom\u00f3viles retirados y devueltos en agencias del centro, ser\u00e1 cobrada una tasa de servicios del 5%. Para los autom\u00f3viles retirados y devueltos en las agencias de aeropuertos, ser\u00e1 cobrada una tasa de servicios del 10%.En otra ciudad. En el caso de que opte por la devoluci\u00f3n del autom\u00f3vil en otra ciudad, es necesario consultar para averiguar si hay cobranza de tasa de retorno. La devoluci\u00f3n del veh\u00edculo en otro local, se encuentre o no en la misma ciudad, implicar\u00e1 abonar el cargo de Drop Off o Tasa de Retorno del veh\u00edculo. En fecha u horario distinto al previsto en el contrato de alquiler. Para entregar el autom\u00f3vil en otra fecha u hora que no sea la prevista en el contrato de alquiler, solicite autorizaci\u00f3n a la agencia de la que retir\u00f3 el autom\u00f3vil, antes del plazo previsto para su devoluci\u00f3n. El horario de funcionamiento de las agencias puede variar, por lo que se recomienda que se informe con antelaci\u00f3n. Recuerde que la diaria del auto es de 24 horas, con hasta 1 (una) hora de tolerancia para la devoluci\u00f3n. A partir de la hora 25 ser\u00e1n cobradas horas extras.<\/p><\/div><\/div>[\/vc_tta_section][\/vc_tta_accordion][vc_tta_accordion style=&#8221;flat&#8221; shape=&#8221;square&#8221; color=&#8221;green&#8221; spacing=&#8221;5&#8243; c_align=&#8221;center&#8221; c_icon=&#8221;chevron&#8221; active_section=&#8221;1&#8243; css_animation=&#8221;bounceInRight&#8221; title=&#8221;C.Cancelando una Reserva&#8221; css=&#8221;.vc_custom_1628701344279{padding-bottom: 50px !important;background-color: #ffffff !important;}&#8221;][vc_tta_section i_icon_fontawesome=&#8221;fas fa-arrow-alt-circle-right&#8221; add_icon=&#8221;true&#8221; title=&#8221;Cu\u00e1l es la pol\u00edtica de cancelaci\u00f3n de reservas?&#8221; tab_id=&#8221;1626306156614-9256667d-0bd6&#8243;]<div class=\"adventure-holder gallery-home-holder text-block\"><div class=\"centered\"><p class=\"intro\">Una vez confirmada su reserva si Ud. quisiera cancelarla deber\u00e1 adaptarse a las pol\u00edticas de cancelaci\u00f3n que apliquen los proveedores de servicios del programa solicitado as\u00ed como a los de GPS Viajes.<\/p><\/div><\/div>[\/vc_tta_section][vc_tta_section i_icon_fontawesome=&#8221;fas fa-arrow-alt-circle-right&#8221; add_icon=&#8221;true&#8221; title=&#8221;2. \u00bfC\u00f3mo cancelo una reserva?&#8221; tab_id=&#8221;1626306156627-a0b99f4c-0086&#8243;]<div class=\"adventure-holder gallery-home-holder text-block\"><div class=\"centered\"><p class=\"intro\">Usted puede cancelar su reserva, ya sea por correo electr\u00f3nico o por fax, siempre con su N\u00famero de DNI y Nombre Completo.<\/p><\/div><\/div>[\/vc_tta_section][\/vc_tta_accordion][vc_tta_accordion style=&#8221;flat&#8221; shape=&#8221;square&#8221; color=&#8221;green&#8221; spacing=&#8221;5&#8243; c_align=&#8221;center&#8221; c_icon=&#8221;chevron&#8221; active_section=&#8221;1&#8243; css_animation=&#8221;bounceInRight&#8221; title=&#8221;E. Otros&#8221; css=&#8221;.vc_custom_1628701373508{padding-bottom: 50px !important;background-color: #ffffff !important;}&#8221;][vc_tta_section i_icon_fontawesome=&#8221;fas fa-arrow-alt-circle-right&#8221; add_icon=&#8221;true&#8221; title=&#8221;\u00bfQu\u00e9 tipo de servicio al viajero se ofrece?&#8221; tab_id=&#8221;1626307483094-560bd36b-3627&#8243;]<div class=\"adventure-holder gallery-home-holder text-block\"><div class=\"centered\"><p class=\"intro\">Despu\u00e9s que usted efect\u00faa su pedido de informaci\u00f3n o reserva, se le enviar\u00e1 correo electr\u00f3nico para realizar cualquier consulta acerca de su solicitud. Nuestros calificados agentes contestar\u00e1n todas sus preguntas por este medio y tambi\u00e9n cont\u00e1ctenos a trav\u00e9s de nuestros n\u00fameros telef\u00f3nicos.<\/p><\/div><\/div>[\/vc_tta_section][vc_tta_section i_icon_fontawesome=&#8221;fas fa-arrow-alt-circle-right&#8221; add_icon=&#8221;true&#8221; title=&#8221;\u00bfBusco un hotel en Ushuaia que no est\u00e1 en su lista? \u00bfPueden ayudarme?&#8221; tab_id=&#8221;1626307483126-1ef4b199-b8bf&#8221;]<div class=\"adventure-holder gallery-home-holder text-block\"><div class=\"centered\"><p class=\"intro\">Si usted busca un hotel en cualquier ciudad que no figura en nuestro sitio, por favor consulte con nuestro Servicio al Cliente y nosotros estaremos contentos en ayudarlo.<\/p><\/div><\/div>[\/vc_tta_section][vc_tta_section i_icon_fontawesome=&#8221;fas fa-arrow-alt-circle-right&#8221; add_icon=&#8221;true&#8221; title=&#8221;\u00bfQu\u00e9 sucede si hay m\u00e1s de dos adultos en la habitaci\u00f3n?&#8221; tab_id=&#8221;1626307483145-5b995cfa-580a&#8221;]<div class=\"adventure-holder gallery-home-holder text-block\"><div class=\"centered\"><p class=\"intro\">La mayor\u00eda de los hoteles permiten hu\u00e9spedes adicionales en la habitaci\u00f3n a una tarifa extra. Algunos hoteles y otros tipos de alojamiento tiene un l\u00edmite en cu\u00e1ntas personas pueden alojarse en una habitaci\u00f3n. Esto puede estar especificado en la p\u00e1gina de Informaci\u00f3n del alojamiento, de no ser as\u00ed, por favor consulte con nuestro Servicio al Cliente y nosotros estaremos contentos ayudarlo.<\/p><\/div><\/div>[\/vc_tta_section][vc_tta_section i_icon_fontawesome=&#8221;fas fa-arrow-alt-circle-right&#8221; add_icon=&#8221;true&#8221; title=&#8221;\u00bfHay camas auxiliares \/ cunas disponibles?&#8221; tab_id=&#8221;1626307483168-96d99345-8803&#8243;]<div class=\"adventure-holder gallery-home-holder text-block\"><div class=\"centered\"><p class=\"intro\">La mayor\u00eda de los hoteles y otros tipos de alojamiento cuentan con camas auxiliares y cunas. Algunos pueden tener restricciones respecto a que tipos de habitaci\u00f3n permitir\u00e1n camas auxiliares. Esto puede estar especificado en la p\u00e1gina de Informaci\u00f3n del alojamiento, de no ser as\u00ed, por favor consulte con nuestro Servicio al Cliente y nosotros estaremos contentos de ayudarlo.<\/p><\/div><\/div>[\/vc_tta_section][vc_tta_section i_icon_fontawesome=&#8221;fas fa-arrow-alt-circle-right&#8221; add_icon=&#8221;true&#8221; title=&#8221;\u00bfEst\u00e1 el desayuno incluido?&#8221; tab_id=&#8221;1626307483188-ad4f49aa-007b&#8221;]<div class=\"adventure-holder gallery-home-holder text-block\"><div class=\"centered\"><p class=\"intro\">Muchos hoteles y otros tipos de alojamiento ofrecen el desayuno gratis. A menudo este es un desayuno de tipo continental o a veces apenas caf\u00e9 y medialunas. Nuestros ejecutivos especificar\u00e1n en su respuesta cual es el r\u00e9gimen de comidas incluido en la tarifa enviada para el hotel o programa.<\/p><\/div><\/div>[\/vc_tta_section][vc_tta_section i_icon_fontawesome=&#8221;fas fa-arrow-alt-circle-right&#8221; add_icon=&#8221;true&#8221; title=&#8221;\u00bfCu\u00e1l es la Pol\u00edtica de Reembolso de GPS Viajes?&#8221; tab_id=&#8221;1626307986911-7fa453b2-cccf&#8221;]<div class=\"adventure-holder gallery-home-holder text-block\"><div class=\"centered\"><p class=\"intro\">GPS Viajes se esfuerza por proporcionar el mejor servicio y trabajar\u00e1 a favor de nuestros clientes para rectificar cualquier circunstancia lamentable referente a su reserva. Sin embargo, nuestra empresa act\u00faa s\u00f3lo como un agente independiente para asegurar los servicios de un transportador a\u00e9reo, rentadora de autos, hotel, u otro proveedor relacionado. Por lo tanto, nosotros no tenemos control sobre el personal, el equipo, ni las operaciones de estos proveedores y no tendremos responsabilidad sobre ning\u00fan inconveniente, da\u00f1o personal, da\u00f1o de propiedad, ni de otra p\u00e9rdida contra\u00edda como resultado de cualquier acto injusto, omisiones, ni falla por parte de los proveedores. Todas quejas se deben informar con toda la documentaci\u00f3n de apoyo posible a GPS Viajes dentro de 60 d\u00edas de finalizados los servicios proporcionados.<\/p>\n<p>Todo tipo de reembolso total o parcial de cualquier tipo de servicio, se efectuar\u00e1 a modo de nota de cr\u00e9dito, a partir de los 5 d\u00edas h\u00e1biles de regresado el pasajero de su viaje, siempre y cuando el proveedor acepte su responsabilidad plena en cualquier situaci\u00f3n u hecho que genere esta acci\u00f3n.<\/p>\n<p>Cualquier tipo de error u omisi\u00f3n de parte de GPS Viajes, ser\u00e1 reembolsado de la misma manera, salvo casos excepcionales, que ser\u00e1n tratados de manera puntual.<\/p><\/div><\/div>[\/vc_tta_section][vc_tta_section i_icon_fontawesome=&#8221;fas fa-arrow-alt-circle-right&#8221; add_icon=&#8221;true&#8221; title=&#8221;\u00bfTienen los hoteles requisitos m\u00ednimos de edad?&#8221; tab_id=&#8221;1626308046454-31a0c943-81bd&#8221;]<div class=\"adventure-holder gallery-home-holder text-block\"><div class=\"centered\"><p class=\"intro\">Est\u00e9 por favor enterado que algunos hoteles pueden tener las restricciones o requisitos m\u00ednimos respecto a la edad de los ocupantes a reservar un cuarto. Por ejemplo, algunos hoteles con casino pueden requerir una edad m\u00ednima de 18 a\u00f1os para reservar un cuarto. Consulte por favor a nuestros agentes de Servicio al Cliente.<\/p><\/div><\/div>[\/vc_tta_section][\/vc_tta_accordion][\/vc_column][vc_column width=&#8221;1\/3&#8243;][vc_raw_html]JTNDYSUyMGhyZWYlM0QlMjJodHRwcyUzQSUyRiUyRnd3dy54ZS5jb20lMkZjdXJyZW5jeWNvbnZlcnRlciUyRiUyMiUzRSUzQ2ltZyUyMHNyYyUzRCUyMmh0dHAlM0ElMkYlMkZncHN2aWFqZXMuY29tLmFyJTJGYmllbnZlbmlkbyUyRndwLWNvbnRlbnQlMkZ1cGxvYWRzJTJGMjAyMSUyRjA4JTJGbG9nb2ZpbmFsTWVzYS1kZS10cmFiYWpvLTMtMTAwLTEuanBnJTIyJTIwaGVpZ2h0JTNEJTIyMjAwcHglMjIlMjB3aWR0aCUzRCUyMjIwMHB4JTIyJTNFJTNDJTJGYSUzRSUwQSUzQ2JyJTNFJTIwJTNDYnIlM0U=[\/vc_raw_html][vc_raw_html]JTNDYSUyMGhyZWYlM0QlMjJodHRwcyUzQSUyRiUyRnd3dy5ob3JhLmVzJTJGJTIyJTNFJTNDaW1nJTIwc3JjJTNEJTIyaHR0cCUzQSUyRiUyRmdwc3ZpYWplcy5jb20uYXIlMkZiaWVudmVuaWRvJTJGd3AtY29udGVudCUyRnVwbG9hZHMlMkYyMDE2JTJGMDQlMkZsb2dvZmluYWxNZXNhLWRlLXRyYWJham8tMi0xMDAtZTE2MzA2MDk3MDg0NzguanBnJTIyJTIwaGVpZ2h0JTNEJTIyMjAwcHglMjIlMjB3aWR0aCUzRCUyMjIwMHB4JTIyJTNFJTNDJTJGYSUzRSUwQSUzQ2JyJTNFJTIwJTNDYnIlM0U=[\/vc_raw_html][vc_raw_html]JTNDYSUyMGhyZWYlM0QlMjJodHRwcyUzQSUyRiUyRndlYXRoZXIuY29tJTJGZXMtVVMlMkZ0aWVtcG8lMkZob3klMkZsJTJGVVNEQzAwMDElM0ExJTNBVVMlMjIlMjBoZWlnaHQlM0QlMjIxMDBweCUyMiUyMHdpZHRoJTNEJTIyMTAwcHglMjIlM0UlM0NpbWclMjBzcmMlM0QlMjJodHRwJTNBJTJGJTJGZ3BzdmlhamVzLmNvbS5hciUyRmJpZW52ZW5pZG8lMkZ3cC1jb250ZW50JTJGdXBsb2FkcyUyRjIwMjElMkYwOCUyRmxvZ29maW5hbE1lc2EtZGUtdHJhYmFqby0xLTEwMC0xLWUxNjMwNjA5NTA1Nzc3LmpwZyUyMiUzRSUzQyUyRmElM0UlMEElM0NiciUzRSUyMCUzQ2JyJTNF[\/vc_raw_html][vc_widget_sidebar sidebar_id=&#8221;sidebar-1&#8243;][\/vc_column][\/vc_row][vc_row css=&#8221;.vc_custom_1626311952507{margin-right: 20px !important;background-color: #ffffff !important;}&#8221;][vc_column width=&#8221;2\/3&#8243; css=&#8221;.vc_custom_1628700401759{background-color: #ffffff !important;}&#8221;][\/vc_column][vc_column width=&#8221;1\/3&#8243;][\/vc_column][\/vc_row][vc_row css=&#8221;.vc_custom_1626312047359{background-color: #ffffff !important;}&#8221;][vc_column width=&#8221;2\/3&#8243;][\/vc_column][vc_column width=&#8221;1\/3&#8243;][\/vc_column][\/vc_row][vc_row css=&#8221;.vc_custom_1626312068031{background-color: #ffffff !important;}&#8221;][vc_column width=&#8221;2\/3&#8243;][\/vc_column][vc_column width=&#8221;1\/3&#8243;][\/vc_column][\/vc_row][vc_row css=&#8221;.vc_custom_1626312087508{background-color: #ffffff !important;}&#8221;][vc_column width=&#8221;2\/3&#8243;][\/vc_column][vc_column width=&#8221;1\/3&#8243;][\/vc_column][\/vc_row][vc_row wrapper_container=&#8221;services-block&#8221; css=&#8221;.vc_custom_1626313470069{background-color: #ffffff !important;}&#8221;][vc_column width=&#8221;2\/3&#8243;][\/vc_column][vc_column width=&#8221;1\/3&#8243;][\/vc_column][\/vc_row]<\/p>\n","protected":false},"excerpt":{"rendered":"<p>[vc_row css=&#8221;.vc_custom_1630537584791{margin-top: 0px !important;border-top-width: 0px !important;padding-top: 0px !important;background-color: #ffffff !important;}&#8221;][vc_column width=&#8221;2\/3&#8243; css=&#8221;.vc_custom_1630611954499{margin-top: 0px !important;margin-right: 20px !important;border-top-width: 0px !important;padding-top: 0px !important;padding-right: 30px !important;background-color: #ffffff !important;}&#8221;][vc_tta_accordion style=&#8221;flat&#8221; shape=&#8221;square&#8221; color=&#8221;green&#8221; spacing=&#8221;5&#8243; c_icon=&#8221;triangle&#8221; active_section=&#8221;1&#8243; css_animation=&#8221;bounceInLeft&#8221; collapsible_all=&#8221;true&#8221; title=&#8221;A. Haciendo una Reserva&#8221; css=&#8221;.vc_custom_1628700545995{background-color: #ffffff !important;}&#8221;][vc_tta_section i_icon_fontawesome=&#8221;fas fa-arrow-alt-circle-right&#8221; add_icon=&#8221;true&#8221; title=&#8221;\u00bfC\u00f3mo reservo mi habitaci\u00f3n, un servicio, o paquete de viaje?&#8221; tab_id=&#8221;1626289826748-57d66417-f396&#8243;][\/vc_tta_section][vc_tta_section i_icon_fontawesome=&#8221;fas fa-arrow-alt-circle-right&#8221; [&hellip;]<\/p>\n","protected":false},"author":2,"featured_media":0,"parent":0,"menu_order":0,"comment_status":"closed","ping_status":"closed","template":"","meta":{"_monsterinsights_skip_tracking":false,"_monsterinsights_sitenote_active":false,"_monsterinsights_sitenote_note":"","_monsterinsights_sitenote_category":0,"footnotes":""},"class_list":["post-5557","page","type-page","status-publish","hentry"],"aioseo_notices":[],"_links":{"self":[{"href":"https:\/\/gpsviajes.com.ar\/inicio\/wp-json\/wp\/v2\/pages\/5557","targetHints":{"allow":["GET"]}}],"collection":[{"href":"https:\/\/gpsviajes.com.ar\/inicio\/wp-json\/wp\/v2\/pages"}],"about":[{"href":"https:\/\/gpsviajes.com.ar\/inicio\/wp-json\/wp\/v2\/types\/page"}],"author":[{"embeddable":true,"href":"https:\/\/gpsviajes.com.ar\/inicio\/wp-json\/wp\/v2\/users\/2"}],"replies":[{"embeddable":true,"href":"https:\/\/gpsviajes.com.ar\/inicio\/wp-json\/wp\/v2\/comments?post=5557"}],"version-history":[{"count":2,"href":"https:\/\/gpsviajes.com.ar\/inicio\/wp-json\/wp\/v2\/pages\/5557\/revisions"}],"predecessor-version":[{"id":7278,"href":"https:\/\/gpsviajes.com.ar\/inicio\/wp-json\/wp\/v2\/pages\/5557\/revisions\/7278"}],"wp:attachment":[{"href":"https:\/\/gpsviajes.com.ar\/inicio\/wp-json\/wp\/v2\/media?parent=5557"}],"curies":[{"name":"wp","href":"https:\/\/api.w.org\/{rel}","templated":true}]}}