{"id":6449,"date":"2021-09-17T21:49:46","date_gmt":"2021-09-17T21:49:46","guid":{"rendered":"https:\/\/gpsviajes.com.ar\/inicio\/?page_id=6449"},"modified":"2022-04-18T21:59:10","modified_gmt":"2022-04-18T21:59:10","slug":"requisitos","status":"publish","type":"page","link":"https:\/\/gpsviajes.com.ar\/inicio\/requisitos\/","title":{"rendered":"REQUISITOS DE VIAJE"},"content":{"rendered":"<p>[vc_row][vc_column]<header class='content-heading'>\n\t\t\t\t\t\t<h2 class='main-heading'>CONDICIONES GENERALES<\/h2>\n\t\t\t\t\t\t<div class='main-subtitle'><h4>Cada provincia tiene un nivel de apertura tur\u00edstica y distintos requerimientos para viajar.<\/h4>\n<p><a href=\"https:\/\/www.argentina.gob.ar\/verano\">Hac\u00e9 click ac\u00e1<\/a>\u00a0para informarte.<\/p>\n<\/div>\n\t\t\t\t\t\t<div class='seperator'><\/div>\n\t\t\t\t\t<\/header><header class='content-heading'>\n\t\t\t\t\t\t<h2 class='main-heading'>DOCUMENTACION DE VIAJES<\/h2>\n\t\t\t\t\t\t<div class='main-subtitle'><p>En todos los casos la documentaci\u00f3n ser\u00e1 responsabilidad completa y exclusiva de los pasajeros y titulares de la reserva ante La Empresa. La empresa no se responsabiliza por cualquier inconveniente ocasionado por documentaci\u00f3n incompleta, perdida o da\u00f1ada. Recomendamos prestar particular atenci\u00f3n a \u00e9ste detalle para evitar demoras o dificultades.<\/p>\n<p>&nbsp;<\/p>\n<div class=\"row\">\n<div class=\"col-xs-10 col-xs-offset-1\">\n<h4 class=\"section-header\">Requisitos de Documentaci\u00f3n<\/h4>\n<\/div>\n<\/div>\n<div class=\"row\">\n<div class=\"col-lg-12 text-left\">\n<p><b>En todos los casos la documentaci\u00f3n ser\u00e1 responsabilidad completa y exclusiva de los pasajeros y titulares de la reserva ante La Empresa.<\/b><\/p>\n<p><b>CONSIDERACIONES GENERALES<\/b><br \/>\nCualquiera sea el documento que presente, deber\u00e1 estar en buen estado de conservaci\u00f3n.<br \/>\nTanto mayores como menores de edad no podr\u00e1n viajar con la constancia de tr\u00e1mite del DNI o C\u00e9dulas de Identidad ya vencidas.<\/p>\n<p>&nbsp;<\/p>\n<\/div>\n<\/div>\n<\/div>\n\t\t\t\t\t\t<div class='seperator'><\/div>\n\t\t\t\t\t<\/header><header class='content-heading'>\n\t\t\t\t\t\t<h2 class='main-heading'>VIAJES CON MENORES<\/h2>\n\t\t\t\t\t\t<div class='main-subtitle'><\/div>\n\t\t\t\t\t\t<div class='seperator'><\/div>\n\t\t\t\t\t<\/header>[\/vc_column][\/vc_row]<\/p>\n","protected":false},"excerpt":{"rendered":"<p>[vc_row][vc_column][\/vc_column][\/vc_row]<\/p>\n","protected":false},"author":2,"featured_media":0,"parent":0,"menu_order":0,"comment_status":"closed","ping_status":"closed","template":"","meta":{"_monsterinsights_skip_tracking":false,"_monsterinsights_sitenote_active":false,"_monsterinsights_sitenote_note":"","_monsterinsights_sitenote_category":0,"footnotes":""},"class_list":["post-6449","page","type-page","status-publish","hentry"],"aioseo_notices":[],"_links":{"self":[{"href":"https:\/\/gpsviajes.com.ar\/inicio\/wp-json\/wp\/v2\/pages\/6449","targetHints":{"allow":["GET"]}}],"collection":[{"href":"https:\/\/gpsviajes.com.ar\/inicio\/wp-json\/wp\/v2\/pages"}],"about":[{"href":"https:\/\/gpsviajes.com.ar\/inicio\/wp-json\/wp\/v2\/types\/page"}],"author":[{"embeddable":true,"href":"https:\/\/gpsviajes.com.ar\/inicio\/wp-json\/wp\/v2\/users\/2"}],"replies":[{"embeddable":true,"href":"https:\/\/gpsviajes.com.ar\/inicio\/wp-json\/wp\/v2\/comments?post=6449"}],"version-history":[{"count":5,"href":"https:\/\/gpsviajes.com.ar\/inicio\/wp-json\/wp\/v2\/pages\/6449\/revisions"}],"predecessor-version":[{"id":8295,"href":"https:\/\/gpsviajes.com.ar\/inicio\/wp-json\/wp\/v2\/pages\/6449\/revisions\/8295"}],"wp:attachment":[{"href":"https:\/\/gpsviajes.com.ar\/inicio\/wp-json\/wp\/v2\/media?parent=6449"}],"curies":[{"name":"wp","href":"https:\/\/api.w.org\/{rel}","templated":true}]}}