{"id":11291,"date":"2023-06-29T17:55:55","date_gmt":"2023-06-29T17:55:55","guid":{"rendered":"https:\/\/gpsviajes.com.ar\/inicio\/?post_type=product&#038;p=11291"},"modified":"2023-08-22T12:00:03","modified_gmt":"2023-08-22T12:00:03","slug":"peru-imperio-inca","status":"publish","type":"product","link":"https:\/\/gpsviajes.com.ar\/inicio\/product\/peru-imperio-inca\/","title":{"rendered":"PER\u00da IMPERIO INCA"},"content":{"rendered":"<p style=\"text-align: center;\"><strong>A\u00e9reo desde Buenos Aires con LATAM | Traslados IN\/OUT | Alojamiento 8 noches (2 noches en Lima + 4 noches en Cusco + 1 noche en Valle Sagrado + 1 noche en Aguas Calientes) | Desayuno | Excursiones | Asistencia M\u00e9dica<\/strong><\/p>\n<p style=\"text-align: center;\"><strong>Salida Grupal Acompa\u00f1ada: 15 de Octubre 2023<\/strong><\/p>\n<p style=\"text-align: center;\">2 noches en Lima \/\u00a04 noches en Cusco \/ 1 noche en Valle Sagrado \/\u00a01 noche en Aguas Calientes<\/p>\n<p>&nbsp;<\/p>\n<p style=\"text-align: center;\">*Para pago en pesos argentinos, se deber\u00e1 sumar el Impuesto PAIS + Percepci\u00f3n AFIP Rg4815 + Percepci\u00f3n AFIP Rg5272<\/p>\n<p style=\"text-align: center;\">Imp.PAIS<strong> &gt; U$D 520 + <\/strong>Percep.AFIP Rg 4815 <strong>&gt; U$D 780 + <\/strong>Percep.AFIP Rg 5272 &gt; <strong>U$D 433<\/strong><\/p>\n<p style=\"text-align: center;\">Tarifas por persona en base habitaci\u00f3n doble, expresadas en d\u00f3lares estadounidenses, incluye a\u00e9reo desde Buenos Aires con LATAM, 8 noches de alojamiento, traslados en destino, excursiones seg\u00fan detalle, seguro m\u00e9dico, impuestos a\u00e9reos, IVA y gastos de reserva y administrativos.<\/p>\n<p style=\"text-align: center;\"><a href=\"https:\/\/gpsviajes.com.ar\/inicio\/wp-content\/uploads\/2023\/06\/PERU-IMPERIO-INCA-10-dias-8-noches-15-OCT-2023-Descripcion-del-Programa-Free-Way-A.pdf\"><img loading=\"lazy\" decoding=\"async\" class=\"alignnone wp-image-6966\" src=\"https:\/\/gpsviajes.com.ar\/inicio\/wp-content\/uploads\/2016\/05\/ConsultoriosMesa-de-trabajo-56.png\" alt=\"\" width=\"100\" height=\"102\" \/><\/a><a href=\"https:\/\/gpsviajes.com.ar\/inicio\/wp-content\/uploads\/2023\/06\/PERU-IMPERIO-INCA-10-dias-8-noches-15-OCT-2023-Itinerario-del-Programa-Free-Way-A.pdf\"><img loading=\"lazy\" decoding=\"async\" class=\"alignnone wp-image-6892\" src=\"https:\/\/gpsviajes.com.ar\/inicio\/wp-content\/uploads\/2016\/05\/BotonesMesa-de-trabajo-24.png\" alt=\"\" width=\"100\" height=\"102\" \/><\/a><\/p>\n<p style=\"text-align: center;\"><a href=\"https:\/\/gpsviajes.com.ar\/inicio\/wp-content\/uploads\/2016\/05\/BotonesMesa-de-trabajo-15-1.png\"><img loading=\"lazy\" decoding=\"async\" class=\"alignnone wp-image-7271\" src=\"https:\/\/gpsviajes.com.ar\/inicio\/wp-content\/uploads\/2016\/05\/BotonesMesa-de-trabajo-15-1.png\" alt=\"\" width=\"50\" height=\"50\" srcset=\"https:\/\/gpsviajes.com.ar\/inicio\/wp-content\/uploads\/2016\/05\/BotonesMesa-de-trabajo-15-1.png 201w, https:\/\/gpsviajes.com.ar\/inicio\/wp-content\/uploads\/2016\/05\/BotonesMesa-de-trabajo-15-1-150x150.png 150w, https:\/\/gpsviajes.com.ar\/inicio\/wp-content\/uploads\/2016\/05\/BotonesMesa-de-trabajo-15-1-100x100.png 100w\" sizes=\"auto, (max-width: 50px) 100vw, 50px\" \/><\/a><a href=\"https:\/\/gpsviajes.com.ar\/inicio\/wp-content\/uploads\/2016\/05\/18-04Mesa-de-trabajo-46.png\"><img loading=\"lazy\" decoding=\"async\" class=\"alignnone wp-image-10613\" src=\"https:\/\/gpsviajes.com.ar\/inicio\/wp-content\/uploads\/2016\/05\/18-04Mesa-de-trabajo-46.png\" alt=\"\" width=\"50\" height=\"50\" srcset=\"https:\/\/gpsviajes.com.ar\/inicio\/wp-content\/uploads\/2016\/05\/18-04Mesa-de-trabajo-46.png 201w, https:\/\/gpsviajes.com.ar\/inicio\/wp-content\/uploads\/2016\/05\/18-04Mesa-de-trabajo-46-150x150.png 150w, https:\/\/gpsviajes.com.ar\/inicio\/wp-content\/uploads\/2016\/05\/18-04Mesa-de-trabajo-46-100x100.png 100w\" sizes=\"auto, (max-width: 50px) 100vw, 50px\" \/><\/a><a href=\"https:\/\/gpsviajes.com.ar\/inicio\/wp-content\/uploads\/2016\/05\/BotonesMesa-de-trabajo-46.png\"><img loading=\"lazy\" decoding=\"async\" class=\"alignnone wp-image-6844\" src=\"https:\/\/gpsviajes.com.ar\/inicio\/wp-content\/uploads\/2016\/05\/BotonesMesa-de-trabajo-46.png\" alt=\"\" width=\"50\" height=\"50\" srcset=\"https:\/\/gpsviajes.com.ar\/inicio\/wp-content\/uploads\/2016\/05\/BotonesMesa-de-trabajo-46.png 201w, https:\/\/gpsviajes.com.ar\/inicio\/wp-content\/uploads\/2016\/05\/BotonesMesa-de-trabajo-46-150x150.png 150w, https:\/\/gpsviajes.com.ar\/inicio\/wp-content\/uploads\/2016\/05\/BotonesMesa-de-trabajo-46-100x100.png 100w\" sizes=\"auto, (max-width: 50px) 100vw, 50px\" \/><\/a><a href=\"https:\/\/gpsviajes.com.ar\/inicio\/wp-content\/uploads\/2016\/05\/BotonesMesa-de-trabajo-33.png\"><img loading=\"lazy\" decoding=\"async\" class=\"alignnone wp-image-6818\" src=\"https:\/\/gpsviajes.com.ar\/inicio\/wp-content\/uploads\/2016\/05\/BotonesMesa-de-trabajo-33.png\" alt=\"\" width=\"50\" height=\"50\" srcset=\"https:\/\/gpsviajes.com.ar\/inicio\/wp-content\/uploads\/2016\/05\/BotonesMesa-de-trabajo-33.png 201w, https:\/\/gpsviajes.com.ar\/inicio\/wp-content\/uploads\/2016\/05\/BotonesMesa-de-trabajo-33-150x150.png 150w, https:\/\/gpsviajes.com.ar\/inicio\/wp-content\/uploads\/2016\/05\/BotonesMesa-de-trabajo-33-100x100.png 100w\" sizes=\"auto, (max-width: 50px) 100vw, 50px\" \/><\/a><a href=\"https:\/\/gpsviajes.com.ar\/inicio\/wp-content\/uploads\/2016\/05\/18-04Mesa-de-trabajo-35.png\"><img loading=\"lazy\" decoding=\"async\" class=\"alignnone wp-image-10611\" src=\"https:\/\/gpsviajes.com.ar\/inicio\/wp-content\/uploads\/2016\/05\/18-04Mesa-de-trabajo-35.png\" alt=\"\" width=\"50\" height=\"50\" srcset=\"https:\/\/gpsviajes.com.ar\/inicio\/wp-content\/uploads\/2016\/05\/18-04Mesa-de-trabajo-35.png 201w, https:\/\/gpsviajes.com.ar\/inicio\/wp-content\/uploads\/2016\/05\/18-04Mesa-de-trabajo-35-150x150.png 150w, https:\/\/gpsviajes.com.ar\/inicio\/wp-content\/uploads\/2016\/05\/18-04Mesa-de-trabajo-35-100x100.png 100w\" sizes=\"auto, (max-width: 50px) 100vw, 50px\" \/><\/a><a href=\"https:\/\/gpsviajes.com.ar\/inicio\/wp-content\/uploads\/2016\/05\/02-05Mesa-de-trabajo-47.png\"><img loading=\"lazy\" decoding=\"async\" class=\"alignnone wp-image-10660\" src=\"https:\/\/gpsviajes.com.ar\/inicio\/wp-content\/uploads\/2016\/05\/02-05Mesa-de-trabajo-47.png\" alt=\"\" width=\"50\" height=\"50\" srcset=\"https:\/\/gpsviajes.com.ar\/inicio\/wp-content\/uploads\/2016\/05\/02-05Mesa-de-trabajo-47.png 201w, https:\/\/gpsviajes.com.ar\/inicio\/wp-content\/uploads\/2016\/05\/02-05Mesa-de-trabajo-47-150x150.png 150w, https:\/\/gpsviajes.com.ar\/inicio\/wp-content\/uploads\/2016\/05\/02-05Mesa-de-trabajo-47-100x100.png 100w\" sizes=\"auto, (max-width: 50px) 100vw, 50px\" \/><\/a><a href=\"https:\/\/gpsviajes.com.ar\/inicio\/wp-content\/uploads\/2016\/05\/18-04Mesa-de-trabajo-15.png\"><img loading=\"lazy\" decoding=\"async\" class=\"alignnone wp-image-10607\" src=\"https:\/\/gpsviajes.com.ar\/inicio\/wp-content\/uploads\/2016\/05\/18-04Mesa-de-trabajo-15.png\" alt=\"\" width=\"50\" height=\"50\" srcset=\"https:\/\/gpsviajes.com.ar\/inicio\/wp-content\/uploads\/2016\/05\/18-04Mesa-de-trabajo-15.png 201w, https:\/\/gpsviajes.com.ar\/inicio\/wp-content\/uploads\/2016\/05\/18-04Mesa-de-trabajo-15-150x150.png 150w, https:\/\/gpsviajes.com.ar\/inicio\/wp-content\/uploads\/2016\/05\/18-04Mesa-de-trabajo-15-100x100.png 100w\" sizes=\"auto, (max-width: 50px) 100vw, 50px\" \/><\/a><a href=\"https:\/\/gpsviajes.com.ar\/inicio\/wp-content\/uploads\/2016\/05\/18-04Mesa-de-trabajo-33.png\"><img loading=\"lazy\" decoding=\"async\" class=\"alignnone wp-image-10609\" src=\"https:\/\/gpsviajes.com.ar\/inicio\/wp-content\/uploads\/2016\/05\/18-04Mesa-de-trabajo-33.png\" alt=\"\" width=\"50\" height=\"50\" srcset=\"https:\/\/gpsviajes.com.ar\/inicio\/wp-content\/uploads\/2016\/05\/18-04Mesa-de-trabajo-33.png 201w, https:\/\/gpsviajes.com.ar\/inicio\/wp-content\/uploads\/2016\/05\/18-04Mesa-de-trabajo-33-150x150.png 150w, https:\/\/gpsviajes.com.ar\/inicio\/wp-content\/uploads\/2016\/05\/18-04Mesa-de-trabajo-33-100x100.png 100w\" sizes=\"auto, (max-width: 50px) 100vw, 50px\" \/><\/a><a href=\"https:\/\/gpsviajes.com.ar\/inicio\/wp-content\/uploads\/2016\/05\/BotonesMesa-de-trabajo-48_1.png\"><img loading=\"lazy\" decoding=\"async\" class=\"alignnone wp-image-6846\" src=\"https:\/\/gpsviajes.com.ar\/inicio\/wp-content\/uploads\/2016\/05\/BotonesMesa-de-trabajo-48_1.png\" alt=\"\" width=\"50\" height=\"50\" srcset=\"https:\/\/gpsviajes.com.ar\/inicio\/wp-content\/uploads\/2016\/05\/BotonesMesa-de-trabajo-48_1.png 201w, https:\/\/gpsviajes.com.ar\/inicio\/wp-content\/uploads\/2016\/05\/BotonesMesa-de-trabajo-48_1-150x150.png 150w, https:\/\/gpsviajes.com.ar\/inicio\/wp-content\/uploads\/2016\/05\/BotonesMesa-de-trabajo-48_1-100x100.png 100w\" sizes=\"auto, (max-width: 50px) 100vw, 50px\" \/><\/a><\/p>\n","protected":false},"excerpt":{"rendered":"<p>A\u00e9reo desde Buenos Aires con LATAM | Traslados IN\/OUT | Alojamiento 8 noches (2 noches en Lima + 4 noches en Cusco + 1 noche en Valle Sagrado + 1 noche en Aguas Calientes) | Desayuno | Excursiones | Asistencia M\u00e9dica Salida Grupal Acompa\u00f1ada: 15 de Octubre 2023 2 noches en Lima \/\u00a04 noches en [&hellip;]<\/p>\n","protected":false},"featured_media":7529,"comment_status":"open","ping_status":"closed","template":"","meta":{"_monsterinsights_skip_tracking":false,"_monsterinsights_sitenote_active":false,"_monsterinsights_sitenote_note":"","_monsterinsights_sitenote_category":0},"product_brand":[],"product_cat":[218,236,237,219,141,196,161,230,221],"product_tag":[],"class_list":{"0":"post-11291","1":"product","2":"type-product","3":"status-publish","4":"has-post-thumbnail","6":"product_cat-aereo","7":"product_cat-alojamiento","8":"product_cat-asistencia-medica","9":"product_cat-bus","10":"product_cat-montana","11":"product_cat-naturaleza","12":"product_cat-senderismo","13":"product_cat-traslados","14":"product_cat-tren","15":"holiday_type-cultura","16":"holiday_type-descubrimiento","17":"holiday_type-familia","18":"holiday_type-fauna-silvestre","19":"holiday_type-historia","20":"holiday_type-selva","21":"holiday_type-senderismo","22":"holiday_type-visitas-guiadas","23":"destination-peru-regional","24":"destination-viajes-regionales","25":"destination-salidas-grupales","26":"activity_level-moderate","28":"first","29":"instock","30":"shipping-taxable","31":"purchasable","32":"product-type-variable"},"aioseo_notices":[],"_links":{"self":[{"href":"https:\/\/gpsviajes.com.ar\/inicio\/wp-json\/wp\/v2\/product\/11291","targetHints":{"allow":["GET"]}}],"collection":[{"href":"https:\/\/gpsviajes.com.ar\/inicio\/wp-json\/wp\/v2\/product"}],"about":[{"href":"https:\/\/gpsviajes.com.ar\/inicio\/wp-json\/wp\/v2\/types\/product"}],"replies":[{"embeddable":true,"href":"https:\/\/gpsviajes.com.ar\/inicio\/wp-json\/wp\/v2\/comments?post=11291"}],"wp:featuredmedia":[{"embeddable":true,"href":"https:\/\/gpsviajes.com.ar\/inicio\/wp-json\/wp\/v2\/media\/7529"}],"wp:attachment":[{"href":"https:\/\/gpsviajes.com.ar\/inicio\/wp-json\/wp\/v2\/media?parent=11291"}],"wp:term":[{"taxonomy":"product_brand","embeddable":true,"href":"https:\/\/gpsviajes.com.ar\/inicio\/wp-json\/wp\/v2\/product_brand?post=11291"},{"taxonomy":"product_cat","embeddable":true,"href":"https:\/\/gpsviajes.com.ar\/inicio\/wp-json\/wp\/v2\/product_cat?post=11291"},{"taxonomy":"product_tag","embeddable":true,"href":"https:\/\/gpsviajes.com.ar\/inicio\/wp-json\/wp\/v2\/product_tag?post=11291"}],"curies":[{"name":"wp","href":"https:\/\/api.w.org\/{rel}","templated":true}]}}