{"id":12961,"date":"2024-03-19T17:04:15","date_gmt":"2024-03-19T17:04:15","guid":{"rendered":"https:\/\/gpsviajes.com.ar\/inicio\/?post_type=product&#038;p=12961"},"modified":"2025-06-16T21:05:19","modified_gmt":"2025-06-16T21:05:19","slug":"banados-y-selva-2-2","status":"publish","type":"product","link":"https:\/\/gpsviajes.com.ar\/inicio\/product\/banados-y-selva-2-2\/","title":{"rendered":"BA\u00d1ADOS Y SELVA"},"content":{"rendered":"<p style=\"text-align: center;\"><strong>Ida A\u00e9reo &#8211; Traslados y desarrollo del itinerario en Bus CAMA | Alojamiento 6 Noches (Puerto Iguaz\u00fa &#8211; 2 de Mayo &#8211; Ituzaingo) | Desayuno | Coordinador | Gu\u00edas locales<\/strong><\/p>\n<p style=\"text-align: center;\"><strong>Salida Mayo 2024: 16\u00a0 &#8211; JET | BUS<\/strong><\/p>\n<p style=\"text-align: center;\">\u00a0<a href=\"https:\/\/gpsviajes.com.ar\/inicio\/wp-content\/uploads\/2024\/03\/BANADOS-Y-SELVA-JET-BUS-6-NOCHES-16MAY2024-Descripcion-del-programa-Rapel-A.pdf\"><img loading=\"lazy\" decoding=\"async\" class=\"alignnone wp-image-6966\" src=\"https:\/\/gpsviajes.com.ar\/inicio\/wp-content\/uploads\/2016\/05\/ConsultoriosMesa-de-trabajo-56.png\" alt=\"\" width=\"100\" height=\"102\" \/><\/a> <a href=\"https:\/\/gpsviajes.com.ar\/inicio\/wp-content\/uploads\/2024\/03\/BANADOS-Y-SELVA-JET-BUS-6-NOCHES-16MAY2024-Itinerario-del-programa-Rapel-A.pdf\"><img loading=\"lazy\" decoding=\"async\" class=\"alignnone wp-image-6892\" src=\"https:\/\/gpsviajes.com.ar\/inicio\/wp-content\/uploads\/2016\/05\/BotonesMesa-de-trabajo-24.png\" alt=\"\" width=\"100\" height=\"102\" \/><\/a><\/p>\n<p style=\"text-align: center;\"><strong><a href=\"https:\/\/gpsviajes.com.ar\/inicio\/wp-content\/uploads\/2016\/05\/BotonesMesa-de-trabajo-35_1.png\"><img loading=\"lazy\" decoding=\"async\" class=\"alignnone wp-image-6831\" src=\"https:\/\/gpsviajes.com.ar\/inicio\/wp-content\/uploads\/2016\/05\/BotonesMesa-de-trabajo-35_1.png\" alt=\"\" width=\"50\" height=\"50\" srcset=\"https:\/\/gpsviajes.com.ar\/inicio\/wp-content\/uploads\/2016\/05\/BotonesMesa-de-trabajo-35_1.png 201w, https:\/\/gpsviajes.com.ar\/inicio\/wp-content\/uploads\/2016\/05\/BotonesMesa-de-trabajo-35_1-150x150.png 150w, https:\/\/gpsviajes.com.ar\/inicio\/wp-content\/uploads\/2016\/05\/BotonesMesa-de-trabajo-35_1-100x100.png 100w\" sizes=\"auto, (max-width: 50px) 100vw, 50px\" \/><\/a><\/strong><a href=\"https:\/\/gpsviajes.com.ar\/inicio\/wp-content\/uploads\/2016\/05\/18-04Mesa-de-trabajo-46.png\"><img loading=\"lazy\" decoding=\"async\" class=\"alignnone wp-image-10613\" src=\"https:\/\/gpsviajes.com.ar\/inicio\/wp-content\/uploads\/2016\/05\/18-04Mesa-de-trabajo-46.png\" alt=\"\" width=\"50\" height=\"50\" srcset=\"https:\/\/gpsviajes.com.ar\/inicio\/wp-content\/uploads\/2016\/05\/18-04Mesa-de-trabajo-46.png 201w, https:\/\/gpsviajes.com.ar\/inicio\/wp-content\/uploads\/2016\/05\/18-04Mesa-de-trabajo-46-150x150.png 150w, https:\/\/gpsviajes.com.ar\/inicio\/wp-content\/uploads\/2016\/05\/18-04Mesa-de-trabajo-46-100x100.png 100w\" sizes=\"auto, (max-width: 50px) 100vw, 50px\" \/><\/a><a href=\"https:\/\/gpsviajes.com.ar\/inicio\/wp-content\/uploads\/2016\/05\/BotonesMesa-de-trabajo-33.png\"><img loading=\"lazy\" decoding=\"async\" class=\"alignnone wp-image-6818\" src=\"https:\/\/gpsviajes.com.ar\/inicio\/wp-content\/uploads\/2016\/05\/BotonesMesa-de-trabajo-33.png\" alt=\"\" width=\"50\" height=\"50\" srcset=\"https:\/\/gpsviajes.com.ar\/inicio\/wp-content\/uploads\/2016\/05\/BotonesMesa-de-trabajo-33.png 201w, https:\/\/gpsviajes.com.ar\/inicio\/wp-content\/uploads\/2016\/05\/BotonesMesa-de-trabajo-33-150x150.png 150w, https:\/\/gpsviajes.com.ar\/inicio\/wp-content\/uploads\/2016\/05\/BotonesMesa-de-trabajo-33-100x100.png 100w\" sizes=\"auto, (max-width: 50px) 100vw, 50px\" \/><\/a><a href=\"https:\/\/gpsviajes.com.ar\/inicio\/wp-content\/uploads\/2016\/05\/18-04Mesa-de-trabajo-35.png\"><img loading=\"lazy\" decoding=\"async\" class=\"alignnone wp-image-10611\" src=\"https:\/\/gpsviajes.com.ar\/inicio\/wp-content\/uploads\/2016\/05\/18-04Mesa-de-trabajo-35.png\" alt=\"\" width=\"50\" height=\"50\" srcset=\"https:\/\/gpsviajes.com.ar\/inicio\/wp-content\/uploads\/2016\/05\/18-04Mesa-de-trabajo-35.png 201w, https:\/\/gpsviajes.com.ar\/inicio\/wp-content\/uploads\/2016\/05\/18-04Mesa-de-trabajo-35-150x150.png 150w, https:\/\/gpsviajes.com.ar\/inicio\/wp-content\/uploads\/2016\/05\/18-04Mesa-de-trabajo-35-100x100.png 100w\" sizes=\"auto, (max-width: 50px) 100vw, 50px\" \/><\/a><a href=\"https:\/\/gpsviajes.com.ar\/inicio\/wp-content\/uploads\/2016\/05\/02-05Mesa-de-trabajo-47.png\"><img loading=\"lazy\" decoding=\"async\" class=\"alignnone wp-image-10660\" src=\"https:\/\/gpsviajes.com.ar\/inicio\/wp-content\/uploads\/2016\/05\/02-05Mesa-de-trabajo-47.png\" alt=\"\" width=\"50\" height=\"50\" srcset=\"https:\/\/gpsviajes.com.ar\/inicio\/wp-content\/uploads\/2016\/05\/02-05Mesa-de-trabajo-47.png 201w, https:\/\/gpsviajes.com.ar\/inicio\/wp-content\/uploads\/2016\/05\/02-05Mesa-de-trabajo-47-150x150.png 150w, https:\/\/gpsviajes.com.ar\/inicio\/wp-content\/uploads\/2016\/05\/02-05Mesa-de-trabajo-47-100x100.png 100w\" sizes=\"auto, (max-width: 50px) 100vw, 50px\" \/><\/a><a href=\"https:\/\/gpsviajes.com.ar\/inicio\/wp-content\/uploads\/2016\/05\/18-04Mesa-de-trabajo-15.png\"><img loading=\"lazy\" decoding=\"async\" class=\"alignnone wp-image-10607\" src=\"https:\/\/gpsviajes.com.ar\/inicio\/wp-content\/uploads\/2016\/05\/18-04Mesa-de-trabajo-15.png\" alt=\"\" width=\"50\" height=\"50\" srcset=\"https:\/\/gpsviajes.com.ar\/inicio\/wp-content\/uploads\/2016\/05\/18-04Mesa-de-trabajo-15.png 201w, https:\/\/gpsviajes.com.ar\/inicio\/wp-content\/uploads\/2016\/05\/18-04Mesa-de-trabajo-15-150x150.png 150w, https:\/\/gpsviajes.com.ar\/inicio\/wp-content\/uploads\/2016\/05\/18-04Mesa-de-trabajo-15-100x100.png 100w\" sizes=\"auto, (max-width: 50px) 100vw, 50px\" \/><\/a><a href=\"https:\/\/gpsviajes.com.ar\/inicio\/wp-content\/uploads\/2016\/05\/18-04Mesa-de-trabajo-33.png\"><img loading=\"lazy\" decoding=\"async\" class=\"alignnone wp-image-10609\" src=\"https:\/\/gpsviajes.com.ar\/inicio\/wp-content\/uploads\/2016\/05\/18-04Mesa-de-trabajo-33.png\" alt=\"\" width=\"50\" height=\"50\" srcset=\"https:\/\/gpsviajes.com.ar\/inicio\/wp-content\/uploads\/2016\/05\/18-04Mesa-de-trabajo-33.png 201w, https:\/\/gpsviajes.com.ar\/inicio\/wp-content\/uploads\/2016\/05\/18-04Mesa-de-trabajo-33-150x150.png 150w, https:\/\/gpsviajes.com.ar\/inicio\/wp-content\/uploads\/2016\/05\/18-04Mesa-de-trabajo-33-100x100.png 100w\" sizes=\"auto, (max-width: 50px) 100vw, 50px\" \/><\/a><\/p>\n<p style=\"text-align: center;\"><a href=\"https:\/\/gpsviajes.com.ar\/inicio\/wp-content\/uploads\/2016\/05\/LogoMMesa-de-trabajo-58-100-e1709076210294.jpg\"><img loading=\"lazy\" decoding=\"async\" class=\"alignnone wp-image-12735\" src=\"https:\/\/gpsviajes.com.ar\/inicio\/wp-content\/uploads\/2016\/05\/LogoMMesa-de-trabajo-58-100-e1709076210294.jpg\" alt=\"\" width=\"150\" height=\"102\" \/><\/a><\/p>\n","protected":false},"excerpt":{"rendered":"<p>Ida A\u00e9reo &#8211; Traslados y desarrollo del itinerario en Bus CAMA | Alojamiento 6 Noches (Puerto Iguaz\u00fa &#8211; 2 de Mayo &#8211; Ituzaingo) | Desayuno | Coordinador | Gu\u00edas locales Salida Mayo 2024: 16\u00a0 &#8211; JET | BUS \u00a0<\/p>\n","protected":false},"featured_media":7305,"comment_status":"open","ping_status":"closed","template":"","meta":{"_monsterinsights_skip_tracking":false,"_monsterinsights_sitenote_active":false,"_monsterinsights_sitenote_note":"","_monsterinsights_sitenote_category":0},"product_brand":[],"product_cat":[218,236,243,237,136,219,247,196,161,230],"product_tag":[],"class_list":{"0":"post-12961","1":"product","2":"type-product","3":"status-publish","4":"has-post-thumbnail","6":"product_cat-aereo","7":"product_cat-alojamiento","8":"product_cat-argentina","9":"product_cat-asistencia-medica","10":"product_cat-avistaje-de-aves","11":"product_cat-bus","12":"product_cat-litoral-argentina","13":"product_cat-naturaleza","14":"product_cat-senderismo","15":"product_cat-traslados","16":"holiday_type-cultura","17":"holiday_type-descansos-cortos","18":"holiday_type-descubrimiento","19":"holiday_type-ecapadas","20":"holiday_type-familia","21":"holiday_type-fauna-silvestre","22":"holiday_type-historia","23":"holiday_type-selva","24":"holiday_type-senderismo","25":"holiday_type-visitas-guiadas","26":"destination-argentina","27":"destination-litoral","28":"destination-salidas-grupales","29":"activity_level-moderate","31":"first","32":"instock","33":"featured","34":"shipping-taxable","35":"purchasable","36":"product-type-variable"},"aioseo_notices":[],"_links":{"self":[{"href":"https:\/\/gpsviajes.com.ar\/inicio\/wp-json\/wp\/v2\/product\/12961","targetHints":{"allow":["GET"]}}],"collection":[{"href":"https:\/\/gpsviajes.com.ar\/inicio\/wp-json\/wp\/v2\/product"}],"about":[{"href":"https:\/\/gpsviajes.com.ar\/inicio\/wp-json\/wp\/v2\/types\/product"}],"replies":[{"embeddable":true,"href":"https:\/\/gpsviajes.com.ar\/inicio\/wp-json\/wp\/v2\/comments?post=12961"}],"wp:featuredmedia":[{"embeddable":true,"href":"https:\/\/gpsviajes.com.ar\/inicio\/wp-json\/wp\/v2\/media\/7305"}],"wp:attachment":[{"href":"https:\/\/gpsviajes.com.ar\/inicio\/wp-json\/wp\/v2\/media?parent=12961"}],"wp:term":[{"taxonomy":"product_brand","embeddable":true,"href":"https:\/\/gpsviajes.com.ar\/inicio\/wp-json\/wp\/v2\/product_brand?post=12961"},{"taxonomy":"product_cat","embeddable":true,"href":"https:\/\/gpsviajes.com.ar\/inicio\/wp-json\/wp\/v2\/product_cat?post=12961"},{"taxonomy":"product_tag","embeddable":true,"href":"https:\/\/gpsviajes.com.ar\/inicio\/wp-json\/wp\/v2\/product_tag?post=12961"}],"curies":[{"name":"wp","href":"https:\/\/api.w.org\/{rel}","templated":true}]}}