{"id":13746,"date":"2025-10-03T15:52:29","date_gmt":"2025-10-03T15:52:29","guid":{"rendered":"https:\/\/gpsviajes.com.ar\/inicio\/?post_type=product&#038;p=13746"},"modified":"2026-04-09T19:05:51","modified_gmt":"2026-04-09T19:05:51","slug":"puerto-madryn-verano-2026","status":"publish","type":"product","link":"https:\/\/gpsviajes.com.ar\/inicio\/product\/puerto-madryn-verano-2026\/","title":{"rendered":"PTO.MADRYN | Verano 2026"},"content":{"rendered":"<p style=\"text-align: center;\"><strong>Bus Especial MIX | Alojamiento 5 Noches | <\/strong><strong>Desayuno o Media Pensi\u00f3n\u00a0<\/strong><strong>| Excursiones | Traslados | <\/strong><strong>Coordinador | Gu\u00edas Locales<\/strong><\/p>\n<p style=\"text-align: center;\"><strong>Salidas Enero 2026: 11 &#8211; 25 (5 noches)<\/strong><\/p>\n<p style=\"text-align: center;\"><a href=\"https:\/\/gpsviajes.com.ar\/inicio\/wp-content\/uploads\/2025\/10\/PUERTO-MADRYN-VERANO-2026-5-NOCHES-11-25-ENE-2026-Descripcion-del-programa-Marittima-Operadores-A-1.pdf\"><img loading=\"lazy\" decoding=\"async\" class=\"wp-image-6966\" src=\"https:\/\/gpsviajes.com.ar\/inicio\/wp-content\/uploads\/2016\/05\/ConsultoriosMesa-de-trabajo-56.png\" alt=\"\" width=\"100\" height=\"102\" \/><\/a> <a href=\"https:\/\/gpsviajes.com.ar\/inicio\/wp-content\/uploads\/2025\/10\/PUERTO-MADRYN-VERANO-2026-5-NOCHES-11-25-ENE-2026-Itinerario-del-programa-Marittima-Operadores-A-1.pdf\"><img loading=\"lazy\" decoding=\"async\" class=\"wp-image-6892\" src=\"https:\/\/gpsviajes.com.ar\/inicio\/wp-content\/uploads\/2016\/05\/BotonesMesa-de-trabajo-24-150x150.png\" alt=\"\" width=\"100\" height=\"102\" \/><\/a> <a href=\"https:\/\/gpsviajes.com.ar\/inicio\/wp-content\/uploads\/2025\/10\/PUERTO-MADRYN-VERANO-2026-5-NOCHES-11-25ENE2026-Excursiones-y-gastos-opcionales-Marittima-Operadores-A.pdf\"><img loading=\"lazy\" decoding=\"async\" class=\"alignnone wp-image-6908\" src=\"https:\/\/gpsviajes.com.ar\/inicio\/wp-content\/uploads\/2016\/05\/cotizaMesa-de-trabajo-55.png\" alt=\"\" width=\"100\" height=\"102\" \/><\/a><\/p>\n<p style=\"text-align: center;\"><a href=\"https:\/\/gpsviajes.com.ar\/inicio\/wp-content\/uploads\/2016\/05\/BotonesMesa-de-trabajo-32.png\"><img loading=\"lazy\" decoding=\"async\" class=\"alignnone wp-image-6817\" src=\"https:\/\/gpsviajes.com.ar\/inicio\/wp-content\/uploads\/2016\/05\/BotonesMesa-de-trabajo-32.png\" alt=\"\" width=\"50\" height=\"50\" srcset=\"https:\/\/gpsviajes.com.ar\/inicio\/wp-content\/uploads\/2016\/05\/BotonesMesa-de-trabajo-32.png 201w, https:\/\/gpsviajes.com.ar\/inicio\/wp-content\/uploads\/2016\/05\/BotonesMesa-de-trabajo-32-150x150.png 150w, https:\/\/gpsviajes.com.ar\/inicio\/wp-content\/uploads\/2016\/05\/BotonesMesa-de-trabajo-32-100x100.png 100w\" sizes=\"auto, (max-width: 50px) 100vw, 50px\" \/><\/a><a href=\"https:\/\/gpsviajes.com.ar\/inicio\/wp-content\/uploads\/2016\/05\/BotonesMesa-de-trabajo-33.png\"><img loading=\"lazy\" decoding=\"async\" class=\"alignnone wp-image-6818\" src=\"https:\/\/gpsviajes.com.ar\/inicio\/wp-content\/uploads\/2016\/05\/BotonesMesa-de-trabajo-33.png\" alt=\"\" width=\"50\" height=\"50\" srcset=\"https:\/\/gpsviajes.com.ar\/inicio\/wp-content\/uploads\/2016\/05\/BotonesMesa-de-trabajo-33.png 201w, https:\/\/gpsviajes.com.ar\/inicio\/wp-content\/uploads\/2016\/05\/BotonesMesa-de-trabajo-33-150x150.png 150w, https:\/\/gpsviajes.com.ar\/inicio\/wp-content\/uploads\/2016\/05\/BotonesMesa-de-trabajo-33-100x100.png 100w\" sizes=\"auto, (max-width: 50px) 100vw, 50px\" \/><\/a><a href=\"https:\/\/gpsviajes.com.ar\/inicio\/wp-content\/uploads\/2016\/05\/18-04Mesa-de-trabajo-35.png\"><img loading=\"lazy\" decoding=\"async\" class=\"alignnone wp-image-10611\" src=\"https:\/\/gpsviajes.com.ar\/inicio\/wp-content\/uploads\/2016\/05\/18-04Mesa-de-trabajo-35.png\" alt=\"\" width=\"50\" height=\"50\" srcset=\"https:\/\/gpsviajes.com.ar\/inicio\/wp-content\/uploads\/2016\/05\/18-04Mesa-de-trabajo-35.png 201w, https:\/\/gpsviajes.com.ar\/inicio\/wp-content\/uploads\/2016\/05\/18-04Mesa-de-trabajo-35-150x150.png 150w, https:\/\/gpsviajes.com.ar\/inicio\/wp-content\/uploads\/2016\/05\/18-04Mesa-de-trabajo-35-100x100.png 100w\" sizes=\"auto, (max-width: 50px) 100vw, 50px\" \/><\/a><a href=\"https:\/\/gpsviajes.com.ar\/inicio\/wp-content\/uploads\/2016\/05\/02-05Mesa-de-trabajo-47.png\"><img loading=\"lazy\" decoding=\"async\" class=\"alignnone wp-image-10660\" src=\"https:\/\/gpsviajes.com.ar\/inicio\/wp-content\/uploads\/2016\/05\/02-05Mesa-de-trabajo-47.png\" alt=\"\" width=\"50\" height=\"50\" srcset=\"https:\/\/gpsviajes.com.ar\/inicio\/wp-content\/uploads\/2016\/05\/02-05Mesa-de-trabajo-47.png 201w, https:\/\/gpsviajes.com.ar\/inicio\/wp-content\/uploads\/2016\/05\/02-05Mesa-de-trabajo-47-150x150.png 150w, https:\/\/gpsviajes.com.ar\/inicio\/wp-content\/uploads\/2016\/05\/02-05Mesa-de-trabajo-47-100x100.png 100w\" sizes=\"auto, (max-width: 50px) 100vw, 50px\" \/><\/a><a href=\"https:\/\/gpsviajes.com.ar\/inicio\/wp-content\/uploads\/2016\/05\/18-04Mesa-de-trabajo-15.png\"><img loading=\"lazy\" decoding=\"async\" class=\"alignnone wp-image-10607\" src=\"https:\/\/gpsviajes.com.ar\/inicio\/wp-content\/uploads\/2016\/05\/18-04Mesa-de-trabajo-15.png\" alt=\"\" width=\"50\" height=\"50\" srcset=\"https:\/\/gpsviajes.com.ar\/inicio\/wp-content\/uploads\/2016\/05\/18-04Mesa-de-trabajo-15.png 201w, https:\/\/gpsviajes.com.ar\/inicio\/wp-content\/uploads\/2016\/05\/18-04Mesa-de-trabajo-15-150x150.png 150w, https:\/\/gpsviajes.com.ar\/inicio\/wp-content\/uploads\/2016\/05\/18-04Mesa-de-trabajo-15-100x100.png 100w\" sizes=\"auto, (max-width: 50px) 100vw, 50px\" \/><\/a><a href=\"https:\/\/gpsviajes.com.ar\/inicio\/wp-content\/uploads\/2016\/05\/18-04Mesa-de-trabajo-33.png\"><img loading=\"lazy\" decoding=\"async\" class=\"alignnone wp-image-10609\" src=\"https:\/\/gpsviajes.com.ar\/inicio\/wp-content\/uploads\/2016\/05\/18-04Mesa-de-trabajo-33.png\" alt=\"\" width=\"50\" height=\"50\" srcset=\"https:\/\/gpsviajes.com.ar\/inicio\/wp-content\/uploads\/2016\/05\/18-04Mesa-de-trabajo-33.png 201w, https:\/\/gpsviajes.com.ar\/inicio\/wp-content\/uploads\/2016\/05\/18-04Mesa-de-trabajo-33-150x150.png 150w, https:\/\/gpsviajes.com.ar\/inicio\/wp-content\/uploads\/2016\/05\/18-04Mesa-de-trabajo-33-100x100.png 100w\" sizes=\"auto, (max-width: 50px) 100vw, 50px\" \/><\/a><\/p>\n<p><a href=\"https:\/\/gpsviajes.com.ar\/inicio\/wp-content\/uploads\/2016\/05\/LogoCAMesa-de-trabajo-59demo.jpg\"><img loading=\"lazy\" decoding=\"async\" class=\"aligncenter wp-image-13857\" src=\"https:\/\/gpsviajes.com.ar\/inicio\/wp-content\/uploads\/2016\/05\/LogoCAMesa-de-trabajo-59demo.jpg\" alt=\"\" width=\"102\" height=\"105\" \/><\/a><\/p>\n","protected":false},"excerpt":{"rendered":"<p><strong>Puerto Madryn<\/strong>\u00a0es una ciudad argentina en la costa de la zona norte de la Patagonia.<\/p>\n<p>Ubicada en la costa este de la provincia de Chubut, <strong>Puerto Madryn<\/strong> se levanta frente a las azules aguas del Golfo Nuevo, donde el viento se hace m\u00fasica y el silencio acompa\u00f1a el idioma de las aves.<\/p>\n<p>Actualmente cuenta con una poblaci\u00f3n aproximada de 50.000 habitantes. El casco urbano se halla rodeado de colinas y m\u00e9danos. Su extenso bulevar costero, sus anchas calles asfaltadas y su hermosa rambla convierten a <strong>Puerto Madryn<\/strong> en una ciudad moderna y progresista.<\/p>\n<p>Durante el d\u00eda el visitante est\u00e1 obligado por su belleza a recorrer la costanera para observar las instalaciones del puerto y las serenas aguas del golfo. <strong>Puerto Madryn<\/strong> es considerada &#8220;la capital argentina de las actividades subacu\u00e1ticas&#8221;.<\/p>\n<p>Sus playas de arena y su paseo costero repleto de restaurantes miran hacia la bah\u00eda del Golfo Nuevo, en donde las ballenas francas australes se reproducen de Mayo a Diciembre.<\/p>\n<p>El <strong>Ecocentro<\/strong> es un museo sobre un acantilado con exhibiciones de la naturaleza de la Patagonia y una torre con estilo de faro con vista al oc\u00e9ano.<\/p>\n<p>Al otro lado de la bah\u00eda, la rocosa <strong>Pen\u00ednsula Vald\u00e9s<\/strong> alberga ping\u00fcinos y elefantes marinos, los que son cazados por las orcas. La transparencia de sus aguas calmas, profundas y su variada fauna la convierten en un lugar ideal para los fan\u00e1ticos de los deportes acu\u00e1ticos, entre ellos el buceo submarino.<\/p>\n","protected":false},"featured_media":6199,"comment_status":"open","ping_status":"closed","template":"","meta":{"_monsterinsights_skip_tracking":false,"_monsterinsights_sitenote_active":false,"_monsterinsights_sitenote_note":"","_monsterinsights_sitenote_category":0},"product_brand":[],"product_cat":[236,243,237,151,136,219,109,196,249,155,161,230],"product_tag":[],"class_list":{"0":"post-13746","1":"product","2":"type-product","3":"status-publish","4":"has-post-thumbnail","6":"product_cat-alojamiento","7":"product_cat-argentina","8":"product_cat-asistencia-medica","9":"product_cat-aventura","10":"product_cat-avistaje-de-aves","11":"product_cat-bus","12":"product_cat-excursiones-por-la-ciudad","13":"product_cat-naturaleza","14":"product_cat-patagonia-argentina","15":"product_cat-playa","16":"product_cat-senderismo","17":"product_cat-traslados","18":"holiday_type-avistaje-de-aves","19":"holiday_type-cultura","20":"holiday_type-descansos-cortos","21":"holiday_type-descubrimiento","22":"holiday_type-ecapadas","23":"holiday_type-familia","24":"holiday_type-fauna-silvestre","25":"holiday_type-historia","26":"holiday_type-ninos","27":"holiday_type-playa","28":"holiday_type-visitas-guiadas","29":"destination-argentina","30":"destination-patagonia-argentina","31":"destination-salidas-grupales","32":"activity_level-moderate","34":"first","35":"instock","36":"featured","37":"shipping-taxable","38":"purchasable","39":"product-type-variable"},"aioseo_notices":[],"_links":{"self":[{"href":"https:\/\/gpsviajes.com.ar\/inicio\/wp-json\/wp\/v2\/product\/13746","targetHints":{"allow":["GET"]}}],"collection":[{"href":"https:\/\/gpsviajes.com.ar\/inicio\/wp-json\/wp\/v2\/product"}],"about":[{"href":"https:\/\/gpsviajes.com.ar\/inicio\/wp-json\/wp\/v2\/types\/product"}],"replies":[{"embeddable":true,"href":"https:\/\/gpsviajes.com.ar\/inicio\/wp-json\/wp\/v2\/comments?post=13746"}],"wp:featuredmedia":[{"embeddable":true,"href":"https:\/\/gpsviajes.com.ar\/inicio\/wp-json\/wp\/v2\/media\/6199"}],"wp:attachment":[{"href":"https:\/\/gpsviajes.com.ar\/inicio\/wp-json\/wp\/v2\/media?parent=13746"}],"wp:term":[{"taxonomy":"product_brand","embeddable":true,"href":"https:\/\/gpsviajes.com.ar\/inicio\/wp-json\/wp\/v2\/product_brand?post=13746"},{"taxonomy":"product_cat","embeddable":true,"href":"https:\/\/gpsviajes.com.ar\/inicio\/wp-json\/wp\/v2\/product_cat?post=13746"},{"taxonomy":"product_tag","embeddable":true,"href":"https:\/\/gpsviajes.com.ar\/inicio\/wp-json\/wp\/v2\/product_tag?post=13746"}],"curies":[{"name":"wp","href":"https:\/\/api.w.org\/{rel}","templated":true}]}}