{"id":7539,"date":"2021-11-13T11:34:03","date_gmt":"2021-11-13T11:34:03","guid":{"rendered":"https:\/\/gpsviajes.com.ar\/inicio\/?post_type=product&#038;p=7539"},"modified":"2022-12-28T15:46:56","modified_gmt":"2022-12-28T15:46:56","slug":"cartagena-2022","status":"publish","type":"product","link":"https:\/\/gpsviajes.com.ar\/inicio\/product\/cartagena-2022\/","title":{"rendered":"CARTAGENA | 2022"},"content":{"rendered":"<p style=\"text-align: center;\"><strong>A\u00e9reo desde Buenos Aires con LATAM | Traslados IN\/OUT | Alojamiento 7 noches | Desayuno | Asistencia M\u00e9dica<\/strong><\/p>\n<p style=\"text-align: center;\"><strong>Salida Grupal: 6 de Marzo 2022<\/strong><\/p>\n<p>&nbsp;<\/p>\n<p style=\"text-align: center;\"><strong>Hotel CARTAGENA PLAZA<\/strong><\/p>\n<p style=\"text-align: center;\"><strong>Base Habitaci\u00f3n Doble &gt; U$D 2.091*<\/strong><\/p>\n<p style=\"text-align: center;\">*Para pago en pesos argentinos, se deber\u00e1 sumar el Impuesto PAIS y Percepci\u00f3n AFIP Rg4815<\/p>\n<p style=\"text-align: center;\"><strong>Impuesto PAIS &gt; U$D 318<\/strong><\/p>\n<p style=\"text-align: center;\"><strong>Percepci\u00f3n AFIP Rg 4815 &gt; U$D 371<\/strong><\/p>\n<p>&nbsp;<\/p>\n<p style=\"text-align: center;\">Tarifas por persona en base habitaci\u00f3n doble, expresadas en d\u00f3lares estadounidenses, incluye a\u00e9reo desde Buenos Aires con LATAM, 7 noches de alojamiento, traslados en destino, excursiones seg\u00fan detalle, seguro m\u00e9dico, impuestos a\u00e9reos, IVA y gastos de reserva y administrativos.<\/p>\n","protected":false},"excerpt":{"rendered":"<p><span style=\"color: #000000;\"><b>Cartagena de Indias<\/b>, oficialmente\u00a0<b>Distrito Tur\u00edstico y Cultural de Cartagena de Indias<\/b> , es la capital del departamento\u00a0de\u00a0Bol\u00edvar, al norte de\u00a0Colombia.<sup id=\"cite_ref-Britannica_6-0\" class=\"reference separada\"><\/sup>\u00a0Fue fundada el 1 de junio de 1533 por\u00a0Pedro de Heredia<a style=\"color: #000000;\" title=\"Pedro de Heredia\" href=\"https:\/\/es.wikipedia.org\/wiki\/Pedro_de_Heredia\">.<\/a>\u200b Desde 1991 Cartagena es un\u00a0Distrito Tur\u00edstico y Cultural. <sup id=\"cite_ref-Lablaa_8-0\" class=\"reference separada\"><\/sup>La ciudad est\u00e1 ubicada a orillas del mar Caribe.<\/span><\/p>\n<p><span style=\"color: #000000;\">A partir de su fundaci\u00f3n en el siglo XVI\u00a0y durante toda la\u00a0\u00e9poca virreinal espa\u00f1ola, Cartagena de Indias fue uno de los puertos m\u00e1s importantes de la Am\u00e9rica espa\u00f1ola. <sup id=\"cite_ref-Lablaa2_9-0\" class=\"reference separada\"><\/sup>De esta \u00e9poca procede la mayor parte de su patrimonio art\u00edstico y cultural. El 11 de noviembre de 1811, Cartagena se declar\u00f3 independiente de Espa\u00f1a. Este d\u00eda es fiesta nacional en Colombia y en la ciudad se celebra durante cuatro d\u00edas conocidos como las &#8220;Fiestas de Independencia&#8221;.\u200b<\/span><\/p>\n<p><span style=\"color: #000000;\">Cartagena ha sido una ciudad presente en medio de conflictos b\u00e9licos como tambi\u00e9n en la\u00a0pirater\u00eda, pues fue aqu\u00ed donde se produjeron numerosos ataques por parte de los\u00a0piratas\u00a0y\u00a0corsarios\u00a0provenientes de\u00a0Europa, lo cual supuso que fuera fuertemente amurallada y fortificada durante la administraci\u00f3n espa\u00f1ola, hasta el punto de ser la fortaleza m\u00e1s robusta de\u00a0Am\u00e9rica del Sur\u00a0y del\u00a0Caribe, llegando a estar casi tan reforzada como el mismo Golfo de M\u00e9xico en su \u00e9poca. En la actualidad se mantiene su arquitectura virreinal.<sup id=\"cite_ref-11\" class=\"reference separada\"><\/sup>\u200b<\/span><\/p>\n<p><span style=\"color: #000000;\">Con el paso del tiempo, Cartagena ha desarrollado su zona urbana conservando el centro hist\u00f3rico y convirti\u00e9ndose en uno de los puertos de mayor importancia de Colombia, del Caribe y del mundo, as\u00ed como un c\u00e9lebre destino tur\u00edstico. La poblaci\u00f3n total de su cabecera es de 914 552 habitantes, <sup id=\"cite_ref-Censo2020_3-1\" class=\"reference separada\"><\/sup>siendo el quinto (5) municipio m\u00e1s poblado del pa\u00eds. Su centro hist\u00f3rico, la \u00abCiudad Amurallada\u00bb, fue declarado Patrimonio Nacional de Colombia en 1959 y por la Unesco\u00a0como\u00a0Patrimonio de la Humanidad\u00a0en\u00a0<a style=\"color: #000000;\" title=\"1984\" href=\"https:\/\/es.wikipedia.org\/wiki\/1984\">1984<\/a>. <sup id=\"cite_ref-UNESCO_12-0\" class=\"reference separada\"><\/sup>En el a\u00f1o 2007 su arquitectura militar fue galardonada como la cuarta maravilla de Colombia.<\/span><sup id=\"cite_ref-ELTIEMPO_13-0\" class=\"reference separada\"><\/sup><\/p>\n","protected":false},"featured_media":7587,"comment_status":"open","ping_status":"closed","template":"","meta":{"_monsterinsights_skip_tracking":false,"_monsterinsights_sitenote_active":false,"_monsterinsights_sitenote_note":"","_monsterinsights_sitenote_category":0},"product_brand":[],"product_cat":[218,236,237,250,145,109,155],"product_tag":[],"class_list":{"0":"post-7539","1":"product","2":"type-product","3":"status-publish","4":"has-post-thumbnail","6":"product_cat-aereo","7":"product_cat-alojamiento","8":"product_cat-asistencia-medica","9":"product_cat-caribe","10":"product_cat-cultural","11":"product_cat-excursiones-por-la-ciudad","12":"product_cat-playa","13":"holiday_type-cultura","14":"holiday_type-historia","15":"holiday_type-visitas-guiadas","16":"destination-caribe","17":"destination-internacional","18":"destination-salidas-grupales","19":"activity_level-moderate","21":"first","22":"instock","23":"shipping-taxable","24":"purchasable","25":"product-type-variable"},"aioseo_notices":[],"_links":{"self":[{"href":"https:\/\/gpsviajes.com.ar\/inicio\/wp-json\/wp\/v2\/product\/7539","targetHints":{"allow":["GET"]}}],"collection":[{"href":"https:\/\/gpsviajes.com.ar\/inicio\/wp-json\/wp\/v2\/product"}],"about":[{"href":"https:\/\/gpsviajes.com.ar\/inicio\/wp-json\/wp\/v2\/types\/product"}],"replies":[{"embeddable":true,"href":"https:\/\/gpsviajes.com.ar\/inicio\/wp-json\/wp\/v2\/comments?post=7539"}],"wp:featuredmedia":[{"embeddable":true,"href":"https:\/\/gpsviajes.com.ar\/inicio\/wp-json\/wp\/v2\/media\/7587"}],"wp:attachment":[{"href":"https:\/\/gpsviajes.com.ar\/inicio\/wp-json\/wp\/v2\/media?parent=7539"}],"wp:term":[{"taxonomy":"product_brand","embeddable":true,"href":"https:\/\/gpsviajes.com.ar\/inicio\/wp-json\/wp\/v2\/product_brand?post=7539"},{"taxonomy":"product_cat","embeddable":true,"href":"https:\/\/gpsviajes.com.ar\/inicio\/wp-json\/wp\/v2\/product_cat?post=7539"},{"taxonomy":"product_tag","embeddable":true,"href":"https:\/\/gpsviajes.com.ar\/inicio\/wp-json\/wp\/v2\/product_tag?post=7539"}],"curies":[{"name":"wp","href":"https:\/\/api.w.org\/{rel}","templated":true}]}}