{"id":7962,"date":"2022-02-12T14:13:43","date_gmt":"2022-02-12T14:13:43","guid":{"rendered":"https:\/\/gpsviajes.com.ar\/inicio\/?post_type=product&#038;p=7962"},"modified":"2023-04-08T12:01:06","modified_gmt":"2023-04-08T12:01:06","slug":"egipto-y-turquia","status":"publish","type":"product","link":"https:\/\/gpsviajes.com.ar\/inicio\/product\/egipto-y-turquia\/","title":{"rendered":"EGIPTO Y TURQUIA"},"content":{"rendered":"<p style=\"text-align: center;\"><strong>A\u00e9reo desde Buenos Aires con Turkish | Traslados IN\/OUT | Alojamiento 16 noches (4 noches en El Cairo + 4 noches en Crucero + 5 noches en Estambul + 2 noche en Capadocia + 1 noche en Ankara) | Pensi\u00f3n seg\u00fan programa | Excursiones | Asistencia M\u00e9dica<\/strong><\/p>\n<p style=\"text-align: center;\"><strong>Salida Mayo 2022: Jueves 05<\/strong><\/p>\n<p style=\"text-align: center;\"><strong>Salida Agosto 2022: Jueves 25<\/strong><\/p>\n<p style=\"text-align: center;\"><strong><a href=\"https:\/\/gpsviajes.com.ar\/inicio\/wp-content\/uploads\/2022\/02\/EGIPTO-Y-TURQUIA-19-dias-16-noches-05MAY-25AGO-2022-Descripcion-del-programa-Juan-Toselli-A.pdf\"><img loading=\"lazy\" decoding=\"async\" class=\"alignnone wp-image-6966\" src=\"https:\/\/gpsviajes.com.ar\/inicio\/wp-content\/uploads\/2016\/05\/ConsultoriosMesa-de-trabajo-56.png\" alt=\"\" width=\"100\" height=\"102\" \/><\/a>\u00a0<a href=\"https:\/\/gpsviajes.com.ar\/inicio\/wp-content\/uploads\/2022\/02\/EGIPTO-Y-TURQUIA-19-dias-16-noches-05MAY-25AGO-2022-Itinerario-del-programa-Juan-Toselli-A.pdf\"><img loading=\"lazy\" decoding=\"async\" class=\"alignnone wp-image-6892\" src=\"https:\/\/gpsviajes.com.ar\/inicio\/wp-content\/uploads\/2016\/05\/BotonesMesa-de-trabajo-24.png\" alt=\"\" width=\"100\" height=\"102\" \/><\/a><\/strong><\/p>\n","protected":false},"excerpt":{"rendered":"<p>A\u00e9reo desde Buenos Aires con Turkish | Traslados IN\/OUT | Alojamiento 16 noches (4 noches en El Cairo + 4 noches en Crucero + 5 noches en Estambul + 2 noche en Capadocia + 1 noche en Ankara) | Pensi\u00f3n seg\u00fan programa | Excursiones | Asistencia M\u00e9dica Salida Mayo 2022: Jueves 05 Salida Agosto 2022: [&hellip;]<\/p>\n","protected":false},"featured_media":7967,"comment_status":"open","ping_status":"closed","template":"","meta":{"_monsterinsights_skip_tracking":false,"_monsterinsights_sitenote_active":false,"_monsterinsights_sitenote_note":"","_monsterinsights_sitenote_category":0},"product_brand":[],"product_cat":[218,236,237,151,219,220,145,191,230],"product_tag":[],"class_list":{"0":"post-7962","1":"product","2":"type-product","3":"status-publish","4":"has-post-thumbnail","6":"product_cat-aereo","7":"product_cat-alojamiento","8":"product_cat-asistencia-medica","9":"product_cat-aventura","10":"product_cat-bus","11":"product_cat-crucero","12":"product_cat-cultural","13":"product_cat-desierto","14":"product_cat-traslados","15":"holiday_type-cultura","16":"holiday_type-descubrimiento","17":"holiday_type-historia","18":"holiday_type-visitas-guiadas","19":"destination-cruceros","20":"destination-europe","21":"destination-internacional","22":"destination-salidas-grupales","23":"activity_level-moderate","25":"first","26":"instock","27":"shipping-taxable","28":"purchasable","29":"product-type-variable"},"aioseo_notices":[],"_links":{"self":[{"href":"https:\/\/gpsviajes.com.ar\/inicio\/wp-json\/wp\/v2\/product\/7962","targetHints":{"allow":["GET"]}}],"collection":[{"href":"https:\/\/gpsviajes.com.ar\/inicio\/wp-json\/wp\/v2\/product"}],"about":[{"href":"https:\/\/gpsviajes.com.ar\/inicio\/wp-json\/wp\/v2\/types\/product"}],"replies":[{"embeddable":true,"href":"https:\/\/gpsviajes.com.ar\/inicio\/wp-json\/wp\/v2\/comments?post=7962"}],"wp:featuredmedia":[{"embeddable":true,"href":"https:\/\/gpsviajes.com.ar\/inicio\/wp-json\/wp\/v2\/media\/7967"}],"wp:attachment":[{"href":"https:\/\/gpsviajes.com.ar\/inicio\/wp-json\/wp\/v2\/media?parent=7962"}],"wp:term":[{"taxonomy":"product_brand","embeddable":true,"href":"https:\/\/gpsviajes.com.ar\/inicio\/wp-json\/wp\/v2\/product_brand?post=7962"},{"taxonomy":"product_cat","embeddable":true,"href":"https:\/\/gpsviajes.com.ar\/inicio\/wp-json\/wp\/v2\/product_cat?post=7962"},{"taxonomy":"product_tag","embeddable":true,"href":"https:\/\/gpsviajes.com.ar\/inicio\/wp-json\/wp\/v2\/product_tag?post=7962"}],"curies":[{"name":"wp","href":"https:\/\/api.w.org\/{rel}","templated":true}]}}